{"id":81,"date":"2020-06-10T13:26:56","date_gmt":"2020-06-10T13:26:56","guid":{"rendered":"https:\/\/stockholm53.qodeinteractive.com\/?page_id=81"},"modified":"2025-09-01T13:57:44","modified_gmt":"2025-09-01T11:57:44","slug":"inwestycje","status":"publish","type":"page","link":"https:\/\/fortis-terra.pl\/?page_id=81","title":{"rendered":"Inwestycje"},"content":{"rendered":"\t\t<div data-elementor-type=\"wp-page\" data-elementor-id=\"81\" class=\"elementor elementor-81\">\n\t\t\t\t\t\t<section class=\"elementor-section elementor-top-section elementor-element elementor-element-26a9a27 elementor-section-boxed elementor-section-height-default elementor-section-height-default parallax_section_no qode_elementor_container_no qode-content-aligment-left\" data-id=\"26a9a27\" data-element_type=\"section\">\n\t\t\t\t\t\t<div class=\"elementor-container elementor-column-gap-default\">\n\t\t\t\t\t<div class=\"elementor-column elementor-col-100 elementor-top-column elementor-element elementor-element-856a45a\" data-id=\"856a45a\" data-element_type=\"column\">\n\t\t\t<div class=\"elementor-widget-wrap elementor-element-populated\">\n\t\t\t\t\t\t<div class=\"elementor-element elementor-element-f2eb84a elementor-widget elementor-widget-text-editor\" data-id=\"f2eb84a\" data-element_type=\"widget\" data-widget_type=\"text-editor.default\">\n\t\t\t\t<div class=\"elementor-widget-container\">\n\t\t\t\t\t\t\t\t\t<p>Firma Fortis-Terra to firma specjalizuj\u0105ca si\u0119 si\u0119 w pozyskiwaniu teren\u00f3w inwestycyjnych na terenie wojew\u00f3dztwa dolno\u015bl\u0105skiego a przede wszystkim w miejscowo\u015bciach turystycznych o wysokim potencjale inwestycyjnym. Fortis-Terra\u00a0 \u0142\u0105czy do\u015bwiadczenie wielu ludzi z\u00a0 bran\u017c nieruchomo\u015bci, architektonicznej, budowlanej, technologicznej i finansowej aby pozyska\u0107 najciekawsze tereny, przeprowadzi\u0107 proces inwestycyjny i pozyska\u0107 ko\u0144cowego inwestora instytucjonalnego.<\/p><p>Fortis-Terra to r\u00f3wnie\u017c firma zajmuj\u0105ca si\u0119 przebiegiem inwestycji jako inwestor zast\u0119pczy oraz firma prowadz\u0105ca sprzeda\u017c i wynajem gotowych inwestycji.<\/p><p>Fortis-Terra wyszukuje presti\u017cowych lokalizacji, poprzedzon\u0105 wnikliw\u0105 analiz\u0105 ch\u0142onno\u015bci terenu, okre\u015bla najlepsze formy inwestycji i wykonuje profesjonalne prezentacje koncepcji z za\u0142\u0105czonymi analizami finansowymi. Wraz z partnerami finansowymi kupuje teren i przeprowadza proces projektowy w celu uzyskania pozwolenia na budow\u0119 za\u0142o\u017conego modelu inwestycyjnego w oparciu o wytyczne ko\u0144cowych inwestor\u00f3w instytucjonalnych.<\/p><p>Fortis-Terra specjalizuje si\u0119 w inwestycjach hoteli, apathoteli i luksusowych osiedli mieszkaniowych jednorodzinnych dla inwestor\u00f3w indywidualnych.<\/p><p><strong>Szczeg\u00f3\u0142owy zakres prac zawiera nast\u0119puj\u0105ce pozycje:\u00a0<\/strong><\/p>\t\t\t\t\t\t\t\t<\/div>\n\t\t\t\t<\/div>\n\t\t\t\t\t<\/div>\n\t\t<\/div>\n\t\t\t\t\t<\/div>\n\t\t<\/section>\n\t\t\t\t<section class=\"elementor-section elementor-top-section elementor-element elementor-element-4760a72 elementor-section-boxed elementor-section-height-default elementor-section-height-default parallax_section_no qode_elementor_container_no qode-content-aligment-left\" data-id=\"4760a72\" data-element_type=\"section\">\n\t\t\t\t\t\t<div class=\"elementor-container elementor-column-gap-default\">\n\t\t\t\t\t<div class=\"elementor-column elementor-col-100 elementor-top-column elementor-element elementor-element-dcdf20d\" data-id=\"dcdf20d\" data-element_type=\"column\">\n\t\t\t<div class=\"elementor-widget-wrap elementor-element-populated\">\n\t\t\t\t\t\t<section class=\"elementor-section elementor-inner-section elementor-element elementor-element-fd7ccb6 elementor-section-content-middle elementor-section-boxed elementor-section-height-default elementor-section-height-default parallax_section_no qode_elementor_container_no qode-content-aligment-left\" data-id=\"fd7ccb6\" data-element_type=\"section\">\n\t\t\t\t\t\t<div class=\"elementor-container elementor-column-gap-default\">\n\t\t\t\t\t<div class=\"elementor-column elementor-col-50 elementor-inner-column elementor-element elementor-element-b235b9b\" data-id=\"b235b9b\" data-element_type=\"column\">\n\t\t\t<div class=\"elementor-widget-wrap elementor-element-populated\">\n\t\t\t\t\t\t<div class=\"elementor-element elementor-element-14f3feb elementor-widget elementor-widget-counter\" data-id=\"14f3feb\" data-element_type=\"widget\" data-widget_type=\"counter.default\">\n\t\t\t\t<div class=\"elementor-widget-container\">\n\t\t\t\t\t<div class=\"q_counter_holder  center\" style=\"\"><span class=\"counter  zero\" style=\"color: #091935;\">1<\/span><\/div>\t\t\t\t<\/div>\n\t\t\t\t<\/div>\n\t\t\t\t\t<\/div>\n\t\t<\/div>\n\t\t\t\t<div class=\"elementor-column elementor-col-50 elementor-inner-column elementor-element elementor-element-54fd8fe\" data-id=\"54fd8fe\" data-element_type=\"column\">\n\t\t\t<div class=\"elementor-widget-wrap elementor-element-populated\">\n\t\t\t\t\t\t<div class=\"elementor-element elementor-element-0f5b009 elementor-widget elementor-widget-text-editor\" data-id=\"0f5b009\" data-element_type=\"widget\" data-widget_type=\"text-editor.default\">\n\t\t\t\t<div class=\"elementor-widget-container\">\n\t\t\t\t\t\t\t\t\t<p><strong>Pozyskiwanie teren\u00f3w<\/strong><\/p><ol><li>Wyszukanie i przygotowanie teren\u00f3w do prezentacji,<\/li><li>Analiza ch\u0142onno\u015bci dzia\u0142ki,<\/li><li>Stworzenie wst\u0119pnej koncepcji inwestycyjnej z og\u00f3ln\u0105 kalkulacj\u0105 inwestycji;<\/li><li>Przygotowanie dokument\u00f3w do umowy zakupu dzia\u0142ki dla naszego partnera finansowego;<\/li><\/ol>\t\t\t\t\t\t\t\t<\/div>\n\t\t\t\t<\/div>\n\t\t\t\t\t<\/div>\n\t\t<\/div>\n\t\t\t\t\t<\/div>\n\t\t<\/section>\n\t\t\t\t<section class=\"elementor-section elementor-inner-section elementor-element elementor-element-fbfe9d2 elementor-section-content-middle elementor-section-boxed elementor-section-height-default elementor-section-height-default parallax_section_no qode_elementor_container_no qode-content-aligment-left\" data-id=\"fbfe9d2\" data-element_type=\"section\">\n\t\t\t\t\t\t<div class=\"elementor-container elementor-column-gap-default\">\n\t\t\t\t\t<div class=\"elementor-column elementor-col-50 elementor-inner-column elementor-element elementor-element-bea13c4\" data-id=\"bea13c4\" data-element_type=\"column\">\n\t\t\t<div class=\"elementor-widget-wrap elementor-element-populated\">\n\t\t\t\t\t\t<div class=\"elementor-element elementor-element-5201da2 elementor-widget elementor-widget-counter\" data-id=\"5201da2\" data-element_type=\"widget\" data-widget_type=\"counter.default\">\n\t\t\t\t<div class=\"elementor-widget-container\">\n\t\t\t\t\t<div class=\"q_counter_holder  center\" style=\"\"><span class=\"counter  zero\" style=\"color: #091935;\">2<\/span><\/div>\t\t\t\t<\/div>\n\t\t\t\t<\/div>\n\t\t\t\t\t<\/div>\n\t\t<\/div>\n\t\t\t\t<div class=\"elementor-column elementor-col-50 elementor-inner-column elementor-element elementor-element-cb48b44\" data-id=\"cb48b44\" data-element_type=\"column\">\n\t\t\t<div class=\"elementor-widget-wrap elementor-element-populated\">\n\t\t\t\t\t\t<div class=\"elementor-element elementor-element-0d3fee6 elementor-widget elementor-widget-text-editor\" data-id=\"0d3fee6\" data-element_type=\"widget\" data-widget_type=\"text-editor.default\">\n\t\t\t\t<div class=\"elementor-widget-container\">\n\t\t\t\t\t\t\t\t\t<p><strong>Zakup gruntu<\/strong><\/p>\t\t\t\t\t\t\t\t<\/div>\n\t\t\t\t<\/div>\n\t\t\t\t\t<\/div>\n\t\t<\/div>\n\t\t\t\t\t<\/div>\n\t\t<\/section>\n\t\t\t\t<section class=\"elementor-section elementor-inner-section elementor-element elementor-element-187552d elementor-section-content-middle elementor-section-boxed elementor-section-height-default elementor-section-height-default parallax_section_no qode_elementor_container_no qode-content-aligment-left\" data-id=\"187552d\" data-element_type=\"section\">\n\t\t\t\t\t\t<div class=\"elementor-container elementor-column-gap-default\">\n\t\t\t\t\t<div class=\"elementor-column elementor-col-50 elementor-inner-column elementor-element elementor-element-2e803e4\" data-id=\"2e803e4\" data-element_type=\"column\">\n\t\t\t<div class=\"elementor-widget-wrap elementor-element-populated\">\n\t\t\t\t\t\t<div class=\"elementor-element elementor-element-647e56a elementor-widget elementor-widget-counter\" data-id=\"647e56a\" data-element_type=\"widget\" data-widget_type=\"counter.default\">\n\t\t\t\t<div class=\"elementor-widget-container\">\n\t\t\t\t\t<div class=\"q_counter_holder  center\" style=\"\"><span class=\"counter  zero\" style=\"color: #091935;\">3<\/span><\/div>\t\t\t\t<\/div>\n\t\t\t\t<\/div>\n\t\t\t\t\t<\/div>\n\t\t<\/div>\n\t\t\t\t<div class=\"elementor-column elementor-col-50 elementor-inner-column elementor-element elementor-element-fe6f5f6\" data-id=\"fe6f5f6\" data-element_type=\"column\">\n\t\t\t<div class=\"elementor-widget-wrap elementor-element-populated\">\n\t\t\t\t\t\t<div class=\"elementor-element elementor-element-a155e27 elementor-widget elementor-widget-text-editor\" data-id=\"a155e27\" data-element_type=\"widget\" data-widget_type=\"text-editor.default\">\n\t\t\t\t<div class=\"elementor-widget-container\">\n\t\t\t\t\t\t\t\t\t<p><strong>Proces projektowy i inwestycyjny<\/strong><\/p><ol><li>Przygotowanie koncepcji architektonicznej inwestycji;<\/li><li>Przeprowadzenie uzgodnie\u0144 odno\u015bnie medi\u00f3w, dojazd\u00f3w i operat\u00f3w wodnoprawnych lub \u015brodowiskowych;<\/li><li>Prezentacja koncepcji projektowej z wst\u0119pnym kosztorysem inwestycji;<\/li><li>Wykonanie projektu budowlanego, wykonawczego, uzyskanie pozwolenia na budow\u0119, wykonanie map do cel\u00f3w projektowych, wykonanie bada\u0144 geologicznych;<\/li><li>Wykonanie kosztorys\u00f3w inwestorskich<\/li><li>Wycena ca\u0142o\u015bci inwestycji<\/li><\/ol>\t\t\t\t\t\t\t\t<\/div>\n\t\t\t\t<\/div>\n\t\t\t\t\t<\/div>\n\t\t<\/div>\n\t\t\t\t\t<\/div>\n\t\t<\/section>\n\t\t\t\t<section class=\"elementor-section elementor-inner-section elementor-element elementor-element-dbfb426 elementor-section-content-middle elementor-section-boxed elementor-section-height-default elementor-section-height-default parallax_section_no qode_elementor_container_no qode-content-aligment-left\" data-id=\"dbfb426\" data-element_type=\"section\">\n\t\t\t\t\t\t<div class=\"elementor-container elementor-column-gap-default\">\n\t\t\t\t\t<div class=\"elementor-column elementor-col-50 elementor-inner-column elementor-element elementor-element-3825635\" data-id=\"3825635\" data-element_type=\"column\">\n\t\t\t<div class=\"elementor-widget-wrap elementor-element-populated\">\n\t\t\t\t\t\t<div class=\"elementor-element elementor-element-eeba341 elementor-widget elementor-widget-counter\" data-id=\"eeba341\" data-element_type=\"widget\" data-widget_type=\"counter.default\">\n\t\t\t\t<div class=\"elementor-widget-container\">\n\t\t\t\t\t<div class=\"q_counter_holder  center\" style=\"\"><span class=\"counter  zero\" style=\"color: #091935;\">4<\/span><\/div>\t\t\t\t<\/div>\n\t\t\t\t<\/div>\n\t\t\t\t\t<\/div>\n\t\t<\/div>\n\t\t\t\t<div class=\"elementor-column elementor-col-50 elementor-inner-column elementor-element elementor-element-ac7308f\" data-id=\"ac7308f\" data-element_type=\"column\">\n\t\t\t<div class=\"elementor-widget-wrap elementor-element-populated\">\n\t\t\t\t\t\t<div class=\"elementor-element elementor-element-d7d8324 elementor-widget elementor-widget-text-editor\" data-id=\"d7d8324\" data-element_type=\"widget\" data-widget_type=\"text-editor.default\">\n\t\t\t\t<div class=\"elementor-widget-container\">\n\t\t\t\t\t\t\t\t\t<p><strong>Pozyskiwanie inwestora instytucjonalnego<\/strong><\/p>\t\t\t\t\t\t\t\t<\/div>\n\t\t\t\t<\/div>\n\t\t\t\t\t<\/div>\n\t\t<\/div>\n\t\t\t\t\t<\/div>\n\t\t<\/section>\n\t\t\t\t<section class=\"elementor-section elementor-inner-section elementor-element elementor-element-a428620 elementor-section-content-middle elementor-section-boxed elementor-section-height-default elementor-section-height-default parallax_section_no qode_elementor_container_no qode-content-aligment-left\" data-id=\"a428620\" data-element_type=\"section\">\n\t\t\t\t\t\t<div class=\"elementor-container elementor-column-gap-default\">\n\t\t\t\t\t<div class=\"elementor-column elementor-col-50 elementor-inner-column elementor-element elementor-element-b5e64c3\" data-id=\"b5e64c3\" data-element_type=\"column\">\n\t\t\t<div class=\"elementor-widget-wrap elementor-element-populated\">\n\t\t\t\t\t\t<div class=\"elementor-element elementor-element-e1db11e elementor-widget elementor-widget-counter\" data-id=\"e1db11e\" data-element_type=\"widget\" data-widget_type=\"counter.default\">\n\t\t\t\t<div class=\"elementor-widget-container\">\n\t\t\t\t\t<div class=\"q_counter_holder  center\" style=\"\"><span class=\"counter  zero\" style=\"color: #091935;\">5<\/span><\/div>\t\t\t\t<\/div>\n\t\t\t\t<\/div>\n\t\t\t\t\t<\/div>\n\t\t<\/div>\n\t\t\t\t<div class=\"elementor-column elementor-col-50 elementor-inner-column elementor-element elementor-element-de97a31\" data-id=\"de97a31\" data-element_type=\"column\">\n\t\t\t<div class=\"elementor-widget-wrap elementor-element-populated\">\n\t\t\t\t\t\t<div class=\"elementor-element elementor-element-d693e3d elementor-widget elementor-widget-text-editor\" data-id=\"d693e3d\" data-element_type=\"widget\" data-widget_type=\"text-editor.default\">\n\t\t\t\t<div class=\"elementor-widget-container\">\n\t\t\t\t\t\t\t\t\t<p><strong>Przeprowadzenie procesu inwestycyjnego budowlanego<\/strong><\/p><ol><li>Wykonanie inwestycji jako inwestor zast\u0119pczy;<\/li><li>Oddanie do u\u017cytkowania;<\/li><\/ol>\t\t\t\t\t\t\t\t<\/div>\n\t\t\t\t<\/div>\n\t\t\t\t\t<\/div>\n\t\t<\/div>\n\t\t\t\t\t<\/div>\n\t\t<\/section>\n\t\t\t\t<section class=\"elementor-section elementor-inner-section elementor-element elementor-element-fa642ec elementor-section-content-middle elementor-section-boxed elementor-section-height-default elementor-section-height-default parallax_section_no qode_elementor_container_no qode-content-aligment-left\" data-id=\"fa642ec\" data-element_type=\"section\">\n\t\t\t\t\t\t<div class=\"elementor-container elementor-column-gap-default\">\n\t\t\t\t\t<div class=\"elementor-column elementor-col-50 elementor-inner-column elementor-element elementor-element-cd4b72f\" data-id=\"cd4b72f\" data-element_type=\"column\">\n\t\t\t<div class=\"elementor-widget-wrap elementor-element-populated\">\n\t\t\t\t\t\t<div class=\"elementor-element elementor-element-006fca6 elementor-widget elementor-widget-counter\" data-id=\"006fca6\" data-element_type=\"widget\" data-widget_type=\"counter.default\">\n\t\t\t\t<div class=\"elementor-widget-container\">\n\t\t\t\t\t<div class=\"q_counter_holder  center\" style=\"\"><span class=\"counter  zero\" style=\"color: #091935;\">6<\/span><\/div>\t\t\t\t<\/div>\n\t\t\t\t<\/div>\n\t\t\t\t\t<\/div>\n\t\t<\/div>\n\t\t\t\t<div class=\"elementor-column elementor-col-50 elementor-inner-column elementor-element elementor-element-1c88f1a\" data-id=\"1c88f1a\" data-element_type=\"column\">\n\t\t\t<div class=\"elementor-widget-wrap elementor-element-populated\">\n\t\t\t\t\t\t<div class=\"elementor-element elementor-element-dc03a78 elementor-widget elementor-widget-text-editor\" data-id=\"dc03a78\" data-element_type=\"widget\" data-widget_type=\"text-editor.default\">\n\t\t\t\t<div class=\"elementor-widget-container\">\n\t\t\t\t\t\t\t\t\t<p><strong>Sprzeda\u017c klientowi indywidualnemu<\/strong><\/p><ol><li>Przygotowanie materia\u0142\u00f3w marketingowych;<\/li><li>Umieszczenie inwestycji na stronie internetowej;<\/li><li>Uruchomienie kana\u0142\u00f3w sprzeda\u017cowych Premium<\/li><li>Przeprowadzenie procesu sprzeda\u017cy<\/li><\/ol>\t\t\t\t\t\t\t\t<\/div>\n\t\t\t\t<\/div>\n\t\t\t\t\t<\/div>\n\t\t<\/div>\n\t\t\t\t\t<\/div>\n\t\t<\/section>\n\t\t\t\t\t<\/div>\n\t\t<\/div>\n\t\t\t\t\t<\/div>\n\t\t<\/section>\n\t\t\t\t<section class=\"elementor-section elementor-top-section elementor-element elementor-element-6691464 elementor-section-boxed elementor-section-height-default elementor-section-height-default parallax_section_no qode_elementor_container_no qode-content-aligment-left\" data-id=\"6691464\" data-element_type=\"section\">\n\t\t\t\t\t\t<div class=\"elementor-container elementor-column-gap-default\">\n\t\t\t\t\t<div class=\"elementor-column elementor-col-100 elementor-top-column elementor-element elementor-element-52402bd\" data-id=\"52402bd\" data-element_type=\"column\">\n\t\t\t<div class=\"elementor-widget-wrap elementor-element-populated\">\n\t\t\t\t\t\t<div class=\"elementor-element elementor-element-700ac96 elementor-widget elementor-widget-text-editor\" data-id=\"700ac96\" data-element_type=\"widget\" data-widget_type=\"text-editor.default\">\n\t\t\t\t<div class=\"elementor-widget-container\">\n\t\t\t\t\t\t\t\t\t<h3>Nasze inwestycje<\/h3>\t\t\t\t\t\t\t\t<\/div>\n\t\t\t\t<\/div>\n\t\t\t\t<section class=\"elementor-section elementor-inner-section elementor-element elementor-element-3e2638d elementor-section-boxed elementor-section-height-default elementor-section-height-default parallax_section_no qode_elementor_container_no qode-content-aligment-left\" data-id=\"3e2638d\" data-element_type=\"section\">\n\t\t\t\t\t\t<div class=\"elementor-container elementor-column-gap-default\">\n\t\t\t\t\t<div class=\"elementor-column elementor-col-33 elementor-inner-column elementor-element elementor-element-60367d5\" data-id=\"60367d5\" data-element_type=\"column\">\n\t\t\t<div class=\"elementor-widget-wrap elementor-element-populated\">\n\t\t\t\t\t\t<div class=\"elementor-element elementor-element-368b617 elementor-widget elementor-widget-heading\" data-id=\"368b617\" data-element_type=\"widget\" data-widget_type=\"heading.default\">\n\t\t\t\t<div class=\"elementor-widget-container\">\n\t\t\t\t\t<h4 class=\"elementor-heading-title elementor-size-default\">Ville Za D\u0119bami<\/h4>\t\t\t\t<\/div>\n\t\t\t\t<\/div>\n\t\t\t\t<div class=\"elementor-element elementor-element-c0cc10f elementor-widget elementor-widget-image\" data-id=\"c0cc10f\" data-element_type=\"widget\" data-widget_type=\"image.default\">\n\t\t\t\t<div class=\"elementor-widget-container\">\n\t\t\t\t\t\t\t\t\t\t\t\t\t\t\t\t<a href=\"http:\/\/villezadebami.pl\/\" target=\"_blank\">\n\t\t\t\t\t\t\t<img fetchpriority=\"high\" decoding=\"async\" width=\"800\" height=\"450\" src=\"https:\/\/fortis-terra.pl\/wp-content\/uploads\/2023\/04\/domy-main800.png\" class=\"attachment-large size-large wp-image-663\" alt=\"\" srcset=\"https:\/\/fortis-terra.pl\/wp-content\/uploads\/2023\/04\/domy-main800.png 800w, https:\/\/fortis-terra.pl\/wp-content\/uploads\/2023\/04\/domy-main800-300x169.png 300w, https:\/\/fortis-terra.pl\/wp-content\/uploads\/2023\/04\/domy-main800-768x432.png 768w, https:\/\/fortis-terra.pl\/wp-content\/uploads\/2023\/04\/domy-main800-700x394.png 700w\" sizes=\"(max-width: 800px) 100vw, 800px\" \/>\t\t\t\t\t\t\t\t<\/a>\n\t\t\t\t\t\t\t\t\t\t\t\t\t\t\t<\/div>\n\t\t\t\t<\/div>\n\t\t\t\t<div class=\"elementor-element elementor-element-5eae639 elementor-widget elementor-widget-image\" data-id=\"5eae639\" data-element_type=\"widget\" data-widget_type=\"image.default\">\n\t\t\t\t<div class=\"elementor-widget-container\">\n\t\t\t\t\t\t\t\t\t\t\t\t\t\t\t\t<a href=\"http:\/\/villezadebami.pl\/\" target=\"_blank\">\n\t\t\t\t\t\t\t<img decoding=\"async\" width=\"228\" height=\"105\" src=\"https:\/\/fortis-terra.pl\/wp-content\/uploads\/2023\/04\/ville-za-debami-logo.png\" class=\"attachment-large size-large wp-image-662\" alt=\"\" \/>\t\t\t\t\t\t\t\t<\/a>\n\t\t\t\t\t\t\t\t\t\t\t\t\t\t\t<\/div>\n\t\t\t\t<\/div>\n\t\t\t\t\t<\/div>\n\t\t<\/div>\n\t\t\t\t<div class=\"elementor-column elementor-col-33 elementor-inner-column elementor-element elementor-element-278d24c\" data-id=\"278d24c\" data-element_type=\"column\">\n\t\t\t<div class=\"elementor-widget-wrap elementor-element-populated\">\n\t\t\t\t\t\t<div class=\"elementor-element elementor-element-d237ffa elementor-widget elementor-widget-heading\" data-id=\"d237ffa\" data-element_type=\"widget\" data-widget_type=\"heading.default\">\n\t\t\t\t<div class=\"elementor-widget-container\">\n\t\t\t\t\t<h4 class=\"elementor-heading-title elementor-size-default\">Ostoja Dziwisz\u00f3w<\/h4>\t\t\t\t<\/div>\n\t\t\t\t<\/div>\n\t\t\t\t<div class=\"elementor-element elementor-element-354ff98 elementor-widget elementor-widget-image\" data-id=\"354ff98\" data-element_type=\"widget\" data-widget_type=\"image.default\">\n\t\t\t\t<div class=\"elementor-widget-container\">\n\t\t\t\t\t\t\t\t\t\t\t\t\t\t\t\t<a href=\"http:\/\/designsolutions.pl\/dev\/cieplice\/\" target=\"_blank\">\n\t\t\t\t\t\t\t<img decoding=\"async\" width=\"800\" height=\"450\" src=\"https:\/\/fortis-terra.pl\/wp-content\/uploads\/2023\/04\/ostoja-1.jpg\" class=\"attachment-large size-large wp-image-752\" alt=\"\" srcset=\"https:\/\/fortis-terra.pl\/wp-content\/uploads\/2023\/04\/ostoja-1.jpg 800w, https:\/\/fortis-terra.pl\/wp-content\/uploads\/2023\/04\/ostoja-1-300x169.jpg 300w, https:\/\/fortis-terra.pl\/wp-content\/uploads\/2023\/04\/ostoja-1-768x432.jpg 768w, https:\/\/fortis-terra.pl\/wp-content\/uploads\/2023\/04\/ostoja-1-700x394.jpg 700w\" sizes=\"(max-width: 800px) 100vw, 800px\" \/>\t\t\t\t\t\t\t\t<\/a>\n\t\t\t\t\t\t\t\t\t\t\t\t\t\t\t<\/div>\n\t\t\t\t<\/div>\n\t\t\t\t<div class=\"elementor-element elementor-element-119ccfe elementor-widget elementor-widget-image\" data-id=\"119ccfe\" data-element_type=\"widget\" data-widget_type=\"image.default\">\n\t\t\t\t<div class=\"elementor-widget-container\">\n\t\t\t\t\t\t\t\t\t\t\t\t\t\t\t\t<a href=\"http:\/\/designsolutions.pl\/dev\/cieplice\/\" target=\"_blank\">\n\t\t\t\t\t\t\t<img loading=\"lazy\" decoding=\"async\" width=\"412\" height=\"113\" src=\"https:\/\/fortis-terra.pl\/wp-content\/uploads\/2023\/04\/logo-ostoja-dziwiszow.jpg\" class=\"attachment-large size-large wp-image-668\" alt=\"\" srcset=\"https:\/\/fortis-terra.pl\/wp-content\/uploads\/2023\/04\/logo-ostoja-dziwiszow.jpg 412w, https:\/\/fortis-terra.pl\/wp-content\/uploads\/2023\/04\/logo-ostoja-dziwiszow-300x82.jpg 300w\" sizes=\"(max-width: 412px) 100vw, 412px\" \/>\t\t\t\t\t\t\t\t<\/a>\n\t\t\t\t\t\t\t\t\t\t\t\t\t\t\t<\/div>\n\t\t\t\t<\/div>\n\t\t\t\t\t<\/div>\n\t\t<\/div>\n\t\t\t\t<div class=\"elementor-column elementor-col-33 elementor-inner-column elementor-element elementor-element-abe4e5d\" data-id=\"abe4e5d\" data-element_type=\"column\">\n\t\t\t<div class=\"elementor-widget-wrap elementor-element-populated\">\n\t\t\t\t\t\t<div class=\"elementor-element elementor-element-3db7e58 elementor-widget elementor-widget-heading\" data-id=\"3db7e58\" data-element_type=\"widget\" data-widget_type=\"heading.default\">\n\t\t\t\t<div class=\"elementor-widget-container\">\n\t\t\t\t\t<h4 class=\"elementor-heading-title elementor-size-default\">Dzia\u0142ka \u015br\u00f3dmiejska<\/h4>\t\t\t\t<\/div>\n\t\t\t\t<\/div>\n\t\t\t\t<div class=\"elementor-element elementor-element-805dc62 elementor-widget elementor-widget-image\" data-id=\"805dc62\" data-element_type=\"widget\" data-widget_type=\"image.default\">\n\t\t\t\t<div class=\"elementor-widget-container\">\n\t\t\t\t\t\t\t\t\t\t\t\t\t\t\t<img loading=\"lazy\" decoding=\"async\" width=\"800\" height=\"450\" src=\"https:\/\/fortis-terra.pl\/wp-content\/uploads\/2023\/04\/Dzialka-srodmiejska-1.jpg\" class=\"attachment-large size-large wp-image-751\" alt=\"\" srcset=\"https:\/\/fortis-terra.pl\/wp-content\/uploads\/2023\/04\/Dzialka-srodmiejska-1.jpg 800w, https:\/\/fortis-terra.pl\/wp-content\/uploads\/2023\/04\/Dzialka-srodmiejska-1-300x169.jpg 300w, https:\/\/fortis-terra.pl\/wp-content\/uploads\/2023\/04\/Dzialka-srodmiejska-1-768x432.jpg 768w, https:\/\/fortis-terra.pl\/wp-content\/uploads\/2023\/04\/Dzialka-srodmiejska-1-700x394.jpg 700w\" sizes=\"(max-width: 800px) 100vw, 800px\" \/>\t\t\t\t\t\t\t\t\t\t\t\t\t\t\t<\/div>\n\t\t\t\t<\/div>\n\t\t\t\t\t<\/div>\n\t\t<\/div>\n\t\t\t\t\t<\/div>\n\t\t<\/section>\n\t\t\t\t\t<\/div>\n\t\t<\/div>\n\t\t\t\t\t<\/div>\n\t\t<\/section>\n\t\t\t\t<\/div>\n\t\t","protected":false},"excerpt":{"rendered":"<p>Firma Fortis-Terra to firma specjalizuj\u0105ca si\u0119 si\u0119 w pozyskiwaniu teren\u00f3w inwestycyjnych na terenie wojew\u00f3dztwa dolno\u015bl\u0105skiego a przede wszystkim w miejscowo\u015bciach turystycznych o wysokim potencjale inwestycyjnym. Fortis-Terra\u00a0 \u0142\u0105czy do\u015bwiadczenie wielu ludzi z\u00a0 bran\u017c nieruchomo\u015bci, architektonicznej, budowlanej, technologicznej i finansowej aby pozyska\u0107 najciekawsze tereny, przeprowadzi\u0107 proces inwestycyjny&#8230;<\/p>\n","protected":false},"author":1,"featured_media":0,"parent":0,"menu_order":0,"comment_status":"closed","ping_status":"closed","template":"full_width.php","meta":{"inline_featured_image":false,"footnotes":""},"class_list":["post-81","page","type-page","status-publish","hentry"],"_links":{"self":[{"href":"https:\/\/fortis-terra.pl\/index.php?rest_route=\/wp\/v2\/pages\/81","targetHints":{"allow":["GET"]}}],"collection":[{"href":"https:\/\/fortis-terra.pl\/index.php?rest_route=\/wp\/v2\/pages"}],"about":[{"href":"https:\/\/fortis-terra.pl\/index.php?rest_route=\/wp\/v2\/types\/page"}],"author":[{"embeddable":true,"href":"https:\/\/fortis-terra.pl\/index.php?rest_route=\/wp\/v2\/users\/1"}],"replies":[{"embeddable":true,"href":"https:\/\/fortis-terra.pl\/index.php?rest_route=%2Fwp%2Fv2%2Fcomments&post=81"}],"version-history":[{"count":45,"href":"https:\/\/fortis-terra.pl\/index.php?rest_route=\/wp\/v2\/pages\/81\/revisions"}],"predecessor-version":[{"id":1033,"href":"https:\/\/fortis-terra.pl\/index.php?rest_route=\/wp\/v2\/pages\/81\/revisions\/1033"}],"wp:attachment":[{"href":"https:\/\/fortis-terra.pl\/index.php?rest_route=%2Fwp%2Fv2%2Fmedia&parent=81"}],"curies":[{"name":"wp","href":"https:\/\/api.w.org\/{rel}","templated":true}]}}