{"id":781,"date":"2023-12-21T09:36:06","date_gmt":"2023-12-21T08:36:06","guid":{"rendered":"https:\/\/fortis-terra.pl\/?page_id=781"},"modified":"2025-09-01T13:55:28","modified_gmt":"2025-09-01T11:55:28","slug":"villa-art-development","status":"publish","type":"page","link":"https:\/\/fortis-terra.pl\/?page_id=781","title":{"rendered":"Villa Art Development"},"content":{"rendered":"\t\t<div data-elementor-type=\"wp-page\" data-elementor-id=\"781\" class=\"elementor elementor-781\">\n\t\t\t\t\t\t<section class=\"elementor-section elementor-top-section elementor-element elementor-element-d57bfda elementor-section-full_width qode_elementor_container_inner elementor-section-content-middle elementor-section-height-default elementor-section-height-default parallax_section_no qode-content-aligment-left elementor-invisible\" data-id=\"d57bfda\" data-element_type=\"section\" data-settings=\"{&quot;animation&quot;:&quot;fadeInUp&quot;}\">\n\t\t\t\t\t\t<div class=\"elementor-container elementor-column-gap-default\">\n\t\t\t\t\t<div class=\"elementor-column elementor-col-100 elementor-top-column elementor-element elementor-element-7b83612\" data-id=\"7b83612\" data-element_type=\"column\">\n\t\t\t<div class=\"elementor-widget-wrap elementor-element-populated\">\n\t\t\t\t\t\t<div class=\"elementor-element elementor-element-4b4499c elementor-widget elementor-widget-text-editor\" data-id=\"4b4499c\" data-element_type=\"widget\" data-widget_type=\"text-editor.default\">\n\t\t\t\t<div class=\"elementor-widget-container\">\n\t\t\t\t\t\t\t\t\t<h3>Villa Art Development &#8211; Nowoczesna Architektura dla Wymagaj\u0105cych Klient\u00f3w&nbsp;<\/h3>\t\t\t\t\t\t\t\t<\/div>\n\t\t\t\t<\/div>\n\t\t\t\t\t<\/div>\n\t\t<\/div>\n\t\t\t\t\t<\/div>\n\t\t<\/section>\n\t\t\t\t<section class=\"elementor-section elementor-top-section elementor-element elementor-element-260bbe1 elementor-section-full_width qode_elementor_container_inner elementor-section-content-middle elementor-section-height-default elementor-section-height-default parallax_section_no qode-content-aligment-left elementor-invisible\" data-id=\"260bbe1\" data-element_type=\"section\" data-settings=\"{&quot;animation&quot;:&quot;fadeInUp&quot;}\">\n\t\t\t\t\t\t<div class=\"elementor-container elementor-column-gap-default\">\n\t\t\t\t\t<div class=\"elementor-column elementor-col-50 elementor-top-column elementor-element elementor-element-c827c36\" data-id=\"c827c36\" data-element_type=\"column\">\n\t\t\t<div class=\"elementor-widget-wrap elementor-element-populated\">\n\t\t\t\t\t\t<div class=\"elementor-element elementor-element-9eb4cbe elementor-widget elementor-widget-image\" data-id=\"9eb4cbe\" data-element_type=\"widget\" data-widget_type=\"image.default\">\n\t\t\t\t<div class=\"elementor-widget-container\">\n\t\t\t\t\t\t\t\t\t\t\t\t\t\t\t<img fetchpriority=\"high\" decoding=\"async\" width=\"800\" height=\"450\" src=\"https:\/\/fortis-terra.pl\/wp-content\/uploads\/2023\/04\/domy-main800.png\" class=\"attachment-large size-large wp-image-663\" alt=\"\" srcset=\"https:\/\/fortis-terra.pl\/wp-content\/uploads\/2023\/04\/domy-main800.png 800w, https:\/\/fortis-terra.pl\/wp-content\/uploads\/2023\/04\/domy-main800-300x169.png 300w, https:\/\/fortis-terra.pl\/wp-content\/uploads\/2023\/04\/domy-main800-768x432.png 768w, https:\/\/fortis-terra.pl\/wp-content\/uploads\/2023\/04\/domy-main800-700x394.png 700w\" sizes=\"(max-width: 800px) 100vw, 800px\" \/>\t\t\t\t\t\t\t\t\t\t\t\t\t\t\t<\/div>\n\t\t\t\t<\/div>\n\t\t\t\t\t<\/div>\n\t\t<\/div>\n\t\t\t\t<div class=\"elementor-column elementor-col-50 elementor-top-column elementor-element elementor-element-d990512\" data-id=\"d990512\" data-element_type=\"column\">\n\t\t\t<div class=\"elementor-widget-wrap elementor-element-populated\">\n\t\t\t\t\t\t<div class=\"elementor-element elementor-element-d5385e9 elementor-widget elementor-widget-heading\" data-id=\"d5385e9\" data-element_type=\"widget\" data-widget_type=\"heading.default\">\n\t\t\t\t<div class=\"elementor-widget-container\">\n\t\t\t\t\t<h2 class=\"elementor-heading-title elementor-size-default\">Us\u0142ugi Projektowe \"Villa Art Development\" - Tw\u00f3j Nowoczesny Dom Marze\u0144<\/h2>\t\t\t\t<\/div>\n\t\t\t\t<\/div>\n\t\t\t\t<div class=\"elementor-element elementor-element-77d6751 elementor-widget-divider--view-line elementor-widget elementor-widget-divider\" data-id=\"77d6751\" data-element_type=\"widget\" data-widget_type=\"divider.default\">\n\t\t\t\t<div class=\"elementor-widget-container\">\n\t\t\t\t\t\t\t<div class=\"elementor-divider\">\n\t\t\t<span class=\"elementor-divider-separator\">\n\t\t\t\t\t\t<\/span>\n\t\t<\/div>\n\t\t\t\t\t\t<\/div>\n\t\t\t\t<\/div>\n\t\t\t\t<div class=\"elementor-element elementor-element-a11ba6b elementor-widget elementor-widget-text-editor\" data-id=\"a11ba6b\" data-element_type=\"widget\" data-widget_type=\"text-editor.default\">\n\t\t\t\t<div class=\"elementor-widget-container\">\n\t\t\t\t\t\t\t\t\t<p>Fortis-Terra z dum\u0105 prezentuje swoje us\u0142ugi projektowe &#8222;Villa Art Development&#8221;, dedykowane klientom indywidualnym, kt\u00f3rzy poszukuj\u0105 niezwyk\u0142ych, nowoczesnych dom\u00f3w. Nasz zesp\u00f3\u0142 jest zaanga\u017cowany w stworzenie spersonalizowanych projekt\u00f3w, kt\u00f3re idealnie odpowiadaj\u0105 na oczekiwania i preferencje ka\u017cdego klienta.\u00a0<\/p>\t\t\t\t\t\t\t\t<\/div>\n\t\t\t\t<\/div>\n\t\t\t\t\t<\/div>\n\t\t<\/div>\n\t\t\t\t\t<\/div>\n\t\t<\/section>\n\t\t\t\t<section class=\"elementor-section elementor-top-section elementor-element elementor-element-1abb5b2 elementor-section-full_width qode_elementor_container_inner elementor-section-content-middle elementor-section-height-default elementor-section-height-default parallax_section_no qode-content-aligment-left elementor-invisible\" data-id=\"1abb5b2\" data-element_type=\"section\" data-settings=\"{&quot;animation&quot;:&quot;fadeInUp&quot;}\">\n\t\t\t\t\t\t<div class=\"elementor-container elementor-column-gap-default\">\n\t\t\t\t\t<div class=\"elementor-column elementor-col-50 elementor-top-column elementor-element elementor-element-ed906dc\" data-id=\"ed906dc\" data-element_type=\"column\">\n\t\t\t<div class=\"elementor-widget-wrap elementor-element-populated\">\n\t\t\t\t\t\t<div class=\"elementor-element elementor-element-7193a17 elementor-widget elementor-widget-heading\" data-id=\"7193a17\" data-element_type=\"widget\" data-widget_type=\"heading.default\">\n\t\t\t\t<div class=\"elementor-widget-container\">\n\t\t\t\t\t<h2 class=\"elementor-heading-title elementor-size-default\">Spersonalizowane Projektowanie Dom\u00f3w<\/h2>\t\t\t\t<\/div>\n\t\t\t\t<\/div>\n\t\t\t\t<div class=\"elementor-element elementor-element-ce0cef0 elementor-widget-divider--view-line elementor-widget elementor-widget-divider\" data-id=\"ce0cef0\" data-element_type=\"widget\" data-widget_type=\"divider.default\">\n\t\t\t\t<div class=\"elementor-widget-container\">\n\t\t\t\t\t\t\t<div class=\"elementor-divider\">\n\t\t\t<span class=\"elementor-divider-separator\">\n\t\t\t\t\t\t<\/span>\n\t\t<\/div>\n\t\t\t\t\t\t<\/div>\n\t\t\t\t<\/div>\n\t\t\t\t<div class=\"elementor-element elementor-element-88f836f elementor-widget elementor-widget-text-editor\" data-id=\"88f836f\" data-element_type=\"widget\" data-widget_type=\"text-editor.default\">\n\t\t\t\t<div class=\"elementor-widget-container\">\n\t\t\t\t\t\t\t\t\t<p>&#8222;Villa Art Development&#8221; oferuje kompleksowe us\u0142ugi projektowe, oparte na g\u0142\u0119bokiej analizie potrzeb i wymaga\u0144 ka\u017cdego klienta. Nasz zesp\u00f3\u0142 architekt\u00f3w, projektant\u00f3w i in\u017cynier\u00f3w pracuje nad stworzeniem projekt\u00f3w, kt\u00f3re s\u0105 precyzyjnie dostosowane do indywidualnych upodoba\u0144 ka\u017cdego zleceniodawcy.\u00a0<\/p>\t\t\t\t\t\t\t\t<\/div>\n\t\t\t\t<\/div>\n\t\t\t\t\t<\/div>\n\t\t<\/div>\n\t\t\t\t<div class=\"elementor-column elementor-col-50 elementor-top-column elementor-element elementor-element-65879e0\" data-id=\"65879e0\" data-element_type=\"column\">\n\t\t\t<div class=\"elementor-widget-wrap elementor-element-populated\">\n\t\t\t\t\t\t<div class=\"elementor-element elementor-element-337ab7b elementor-widget elementor-widget-image\" data-id=\"337ab7b\" data-element_type=\"widget\" data-widget_type=\"image.default\">\n\t\t\t\t<div class=\"elementor-widget-container\">\n\t\t\t\t\t\t\t\t\t\t\t\t\t\t\t<img decoding=\"async\" width=\"1024\" height=\"576\" src=\"https:\/\/fortis-terra.pl\/wp-content\/uploads\/2023\/04\/krakow3-1024x576.jpg\" class=\"attachment-large size-large wp-image-710\" alt=\"\" srcset=\"https:\/\/fortis-terra.pl\/wp-content\/uploads\/2023\/04\/krakow3-1024x576.jpg 1024w, https:\/\/fortis-terra.pl\/wp-content\/uploads\/2023\/04\/krakow3-300x169.jpg 300w, https:\/\/fortis-terra.pl\/wp-content\/uploads\/2023\/04\/krakow3-768x432.jpg 768w, https:\/\/fortis-terra.pl\/wp-content\/uploads\/2023\/04\/krakow3-1536x864.jpg 1536w, https:\/\/fortis-terra.pl\/wp-content\/uploads\/2023\/04\/krakow3-700x394.jpg 700w, https:\/\/fortis-terra.pl\/wp-content\/uploads\/2023\/04\/krakow3-1100x619.jpg 1100w, https:\/\/fortis-terra.pl\/wp-content\/uploads\/2023\/04\/krakow3.jpg 1920w\" sizes=\"(max-width: 1024px) 100vw, 1024px\" \/>\t\t\t\t\t\t\t\t\t\t\t\t\t\t\t<\/div>\n\t\t\t\t<\/div>\n\t\t\t\t\t<\/div>\n\t\t<\/div>\n\t\t\t\t\t<\/div>\n\t\t<\/section>\n\t\t\t\t<section class=\"elementor-section elementor-top-section elementor-element elementor-element-b6ad817 elementor-section-full_width qode_elementor_container_inner elementor-section-content-middle elementor-section-height-default elementor-section-height-default parallax_section_no qode-content-aligment-left elementor-invisible\" data-id=\"b6ad817\" data-element_type=\"section\" data-settings=\"{&quot;animation&quot;:&quot;fadeInUp&quot;}\">\n\t\t\t\t\t\t<div class=\"elementor-container elementor-column-gap-default\">\n\t\t\t\t\t<div class=\"elementor-column elementor-col-50 elementor-top-column elementor-element elementor-element-4b7f7b5\" data-id=\"4b7f7b5\" data-element_type=\"column\">\n\t\t\t<div class=\"elementor-widget-wrap elementor-element-populated\">\n\t\t\t\t\t\t<div class=\"elementor-element elementor-element-27bc4b9 elementor-widget elementor-widget-image\" data-id=\"27bc4b9\" data-element_type=\"widget\" data-widget_type=\"image.default\">\n\t\t\t\t<div class=\"elementor-widget-container\">\n\t\t\t\t\t\t\t\t\t\t\t\t\t\t\t<img decoding=\"async\" width=\"1024\" height=\"576\" src=\"https:\/\/fortis-terra.pl\/wp-content\/uploads\/2023\/04\/Jaworze3-1024x576.jpg\" class=\"attachment-large size-large wp-image-689\" alt=\"\" srcset=\"https:\/\/fortis-terra.pl\/wp-content\/uploads\/2023\/04\/Jaworze3-1024x576.jpg 1024w, https:\/\/fortis-terra.pl\/wp-content\/uploads\/2023\/04\/Jaworze3-300x169.jpg 300w, https:\/\/fortis-terra.pl\/wp-content\/uploads\/2023\/04\/Jaworze3-768x432.jpg 768w, https:\/\/fortis-terra.pl\/wp-content\/uploads\/2023\/04\/Jaworze3-1536x864.jpg 1536w, https:\/\/fortis-terra.pl\/wp-content\/uploads\/2023\/04\/Jaworze3-700x394.jpg 700w, https:\/\/fortis-terra.pl\/wp-content\/uploads\/2023\/04\/Jaworze3-1100x619.jpg 1100w, https:\/\/fortis-terra.pl\/wp-content\/uploads\/2023\/04\/Jaworze3.jpg 1920w\" sizes=\"(max-width: 1024px) 100vw, 1024px\" \/>\t\t\t\t\t\t\t\t\t\t\t\t\t\t\t<\/div>\n\t\t\t\t<\/div>\n\t\t\t\t\t<\/div>\n\t\t<\/div>\n\t\t\t\t<div class=\"elementor-column elementor-col-50 elementor-top-column elementor-element elementor-element-f195452\" data-id=\"f195452\" data-element_type=\"column\">\n\t\t\t<div class=\"elementor-widget-wrap elementor-element-populated\">\n\t\t\t\t\t\t<div class=\"elementor-element elementor-element-cac6289 elementor-widget elementor-widget-heading\" data-id=\"cac6289\" data-element_type=\"widget\" data-widget_type=\"heading.default\">\n\t\t\t\t<div class=\"elementor-widget-container\">\n\t\t\t\t\t<h2 class=\"elementor-heading-title elementor-size-default\">Nowoczesno\u015b\u0107 i Innowacyjno\u015b\u0107<\/h2>\t\t\t\t<\/div>\n\t\t\t\t<\/div>\n\t\t\t\t<div class=\"elementor-element elementor-element-9338ce1 elementor-widget-divider--view-line elementor-widget elementor-widget-divider\" data-id=\"9338ce1\" data-element_type=\"widget\" data-widget_type=\"divider.default\">\n\t\t\t\t<div class=\"elementor-widget-container\">\n\t\t\t\t\t\t\t<div class=\"elementor-divider\">\n\t\t\t<span class=\"elementor-divider-separator\">\n\t\t\t\t\t\t<\/span>\n\t\t<\/div>\n\t\t\t\t\t\t<\/div>\n\t\t\t\t<\/div>\n\t\t\t\t<div class=\"elementor-element elementor-element-a1eae0d elementor-widget elementor-widget-text-editor\" data-id=\"a1eae0d\" data-element_type=\"widget\" data-widget_type=\"text-editor.default\">\n\t\t\t\t<div class=\"elementor-widget-container\">\n\t\t\t\t\t\t\t\t\t<p>Nasze podej\u015bcie opiera si\u0119 na zaawansowanych technologiach i kreatywnym podej\u015bciu do projektowania. Projektujemy domy, kt\u00f3re nie tylko s\u0105 nowoczesne pod wzgl\u0119dem technologicznym, ale tak\u017ce wykraczaj\u0105 poza konwencjonalne wzorce estetyczne.<\/p>\t\t\t\t\t\t\t\t<\/div>\n\t\t\t\t<\/div>\n\t\t\t\t\t<\/div>\n\t\t<\/div>\n\t\t\t\t\t<\/div>\n\t\t<\/section>\n\t\t\t\t<section class=\"elementor-section elementor-top-section elementor-element elementor-element-600c4e4 elementor-section-full_width qode_elementor_container_inner elementor-section-content-middle elementor-section-height-default elementor-section-height-default parallax_section_no qode-content-aligment-left elementor-invisible\" data-id=\"600c4e4\" data-element_type=\"section\" data-settings=\"{&quot;animation&quot;:&quot;fadeInUp&quot;}\">\n\t\t\t\t\t\t<div class=\"elementor-container elementor-column-gap-default\">\n\t\t\t\t\t<div class=\"elementor-column elementor-col-50 elementor-top-column elementor-element elementor-element-5175b4d\" data-id=\"5175b4d\" data-element_type=\"column\">\n\t\t\t<div class=\"elementor-widget-wrap elementor-element-populated\">\n\t\t\t\t\t\t<div class=\"elementor-element elementor-element-c76d326 elementor-widget elementor-widget-heading\" data-id=\"c76d326\" data-element_type=\"widget\" data-widget_type=\"heading.default\">\n\t\t\t\t<div class=\"elementor-widget-container\">\n\t\t\t\t\t<h2 class=\"elementor-heading-title elementor-size-default\">Zorientowanie na Klienta i Jego Wizj\u0119<\/h2>\t\t\t\t<\/div>\n\t\t\t\t<\/div>\n\t\t\t\t<div class=\"elementor-element elementor-element-d5d92fe elementor-widget-divider--view-line elementor-widget elementor-widget-divider\" data-id=\"d5d92fe\" data-element_type=\"widget\" data-widget_type=\"divider.default\">\n\t\t\t\t<div class=\"elementor-widget-container\">\n\t\t\t\t\t\t\t<div class=\"elementor-divider\">\n\t\t\t<span class=\"elementor-divider-separator\">\n\t\t\t\t\t\t<\/span>\n\t\t<\/div>\n\t\t\t\t\t\t<\/div>\n\t\t\t\t<\/div>\n\t\t\t\t<div class=\"elementor-element elementor-element-f77260a elementor-widget elementor-widget-text-editor\" data-id=\"f77260a\" data-element_type=\"widget\" data-widget_type=\"text-editor.default\">\n\t\t\t\t<div class=\"elementor-widget-container\">\n\t\t\t\t\t\t\t\t\t<p>Nasz zesp\u00f3\u0142 jest skoncentrowany na s\u0142uchaniu klienta i jego wizji. Ka\u017cdy projekt jest rezultatem wsp\u00f3\u0142pracy, podczas kt\u00f3rej starannie analizujemy i integrujemy potrzeby oraz pomys\u0142y klienta.\u00a0<\/p>\t\t\t\t\t\t\t\t<\/div>\n\t\t\t\t<\/div>\n\t\t\t\t\t<\/div>\n\t\t<\/div>\n\t\t\t\t<div class=\"elementor-column elementor-col-50 elementor-top-column elementor-element elementor-element-cac969f\" data-id=\"cac969f\" data-element_type=\"column\">\n\t\t\t<div class=\"elementor-widget-wrap elementor-element-populated\">\n\t\t\t\t\t\t<div class=\"elementor-element elementor-element-f4fbecb elementor-widget elementor-widget-image\" data-id=\"f4fbecb\" data-element_type=\"widget\" data-widget_type=\"image.default\">\n\t\t\t\t<div class=\"elementor-widget-container\">\n\t\t\t\t\t\t\t\t\t\t\t\t\t\t\t<img loading=\"lazy\" decoding=\"async\" width=\"1024\" height=\"576\" src=\"https:\/\/fortis-terra.pl\/wp-content\/uploads\/2023\/04\/WILKA7-1024x576.jpg\" class=\"attachment-large size-large wp-image-685\" alt=\"\" srcset=\"https:\/\/fortis-terra.pl\/wp-content\/uploads\/2023\/04\/WILKA7-1024x576.jpg 1024w, https:\/\/fortis-terra.pl\/wp-content\/uploads\/2023\/04\/WILKA7-300x169.jpg 300w, https:\/\/fortis-terra.pl\/wp-content\/uploads\/2023\/04\/WILKA7-768x432.jpg 768w, https:\/\/fortis-terra.pl\/wp-content\/uploads\/2023\/04\/WILKA7-1536x864.jpg 1536w, https:\/\/fortis-terra.pl\/wp-content\/uploads\/2023\/04\/WILKA7-700x394.jpg 700w, https:\/\/fortis-terra.pl\/wp-content\/uploads\/2023\/04\/WILKA7-1100x619.jpg 1100w, https:\/\/fortis-terra.pl\/wp-content\/uploads\/2023\/04\/WILKA7.jpg 1920w\" sizes=\"(max-width: 1024px) 100vw, 1024px\" \/>\t\t\t\t\t\t\t\t\t\t\t\t\t\t\t<\/div>\n\t\t\t\t<\/div>\n\t\t\t\t\t<\/div>\n\t\t<\/div>\n\t\t\t\t\t<\/div>\n\t\t<\/section>\n\t\t\t\t<section class=\"elementor-section elementor-top-section elementor-element elementor-element-927a25b elementor-section-full_width qode_elementor_container_inner elementor-section-content-middle elementor-section-height-default elementor-section-height-default parallax_section_no qode-content-aligment-left elementor-invisible\" data-id=\"927a25b\" data-element_type=\"section\" data-settings=\"{&quot;animation&quot;:&quot;fadeInUp&quot;}\">\n\t\t\t\t\t\t<div class=\"elementor-container elementor-column-gap-default\">\n\t\t\t\t\t<div class=\"elementor-column elementor-col-50 elementor-top-column elementor-element elementor-element-1e5bb72\" data-id=\"1e5bb72\" data-element_type=\"column\">\n\t\t\t<div class=\"elementor-widget-wrap elementor-element-populated\">\n\t\t\t\t\t\t<div class=\"elementor-element elementor-element-7a43c00 elementor-widget elementor-widget-image\" data-id=\"7a43c00\" data-element_type=\"widget\" data-widget_type=\"image.default\">\n\t\t\t\t<div class=\"elementor-widget-container\">\n\t\t\t\t\t\t\t\t\t\t\t\t\t\t\t<img loading=\"lazy\" decoding=\"async\" width=\"1024\" height=\"717\" src=\"https:\/\/fortis-terra.pl\/wp-content\/uploads\/2022\/05\/Osiedle-Szybowcowa-Polana5-1024x717.jpg\" class=\"attachment-large size-large wp-image-518\" alt=\"\" srcset=\"https:\/\/fortis-terra.pl\/wp-content\/uploads\/2022\/05\/Osiedle-Szybowcowa-Polana5-1024x717.jpg 1024w, https:\/\/fortis-terra.pl\/wp-content\/uploads\/2022\/05\/Osiedle-Szybowcowa-Polana5-300x210.jpg 300w, https:\/\/fortis-terra.pl\/wp-content\/uploads\/2022\/05\/Osiedle-Szybowcowa-Polana5-768x538.jpg 768w, https:\/\/fortis-terra.pl\/wp-content\/uploads\/2022\/05\/Osiedle-Szybowcowa-Polana5-700x490.jpg 700w, https:\/\/fortis-terra.pl\/wp-content\/uploads\/2022\/05\/Osiedle-Szybowcowa-Polana5-1100x770.jpg 1100w, https:\/\/fortis-terra.pl\/wp-content\/uploads\/2022\/05\/Osiedle-Szybowcowa-Polana5.jpg 1500w\" sizes=\"(max-width: 1024px) 100vw, 1024px\" \/>\t\t\t\t\t\t\t\t\t\t\t\t\t\t\t<\/div>\n\t\t\t\t<\/div>\n\t\t\t\t\t<\/div>\n\t\t<\/div>\n\t\t\t\t<div class=\"elementor-column elementor-col-50 elementor-top-column elementor-element elementor-element-e92cad8\" data-id=\"e92cad8\" data-element_type=\"column\">\n\t\t\t<div class=\"elementor-widget-wrap elementor-element-populated\">\n\t\t\t\t\t\t<div class=\"elementor-element elementor-element-9305449 elementor-widget elementor-widget-heading\" data-id=\"9305449\" data-element_type=\"widget\" data-widget_type=\"heading.default\">\n\t\t\t\t<div class=\"elementor-widget-container\">\n\t\t\t\t\t<h2 class=\"elementor-heading-title elementor-size-default\">Detale, kt\u00f3re Sprawiaj\u0105 Rzeczywist\u0105 R\u00f3\u017cnic\u0119<\/h2>\t\t\t\t<\/div>\n\t\t\t\t<\/div>\n\t\t\t\t<div class=\"elementor-element elementor-element-8cfe136 elementor-widget-divider--view-line elementor-widget elementor-widget-divider\" data-id=\"8cfe136\" data-element_type=\"widget\" data-widget_type=\"divider.default\">\n\t\t\t\t<div class=\"elementor-widget-container\">\n\t\t\t\t\t\t\t<div class=\"elementor-divider\">\n\t\t\t<span class=\"elementor-divider-separator\">\n\t\t\t\t\t\t<\/span>\n\t\t<\/div>\n\t\t\t\t\t\t<\/div>\n\t\t\t\t<\/div>\n\t\t\t\t<div class=\"elementor-element elementor-element-668e883 elementor-widget elementor-widget-text-editor\" data-id=\"668e883\" data-element_type=\"widget\" data-widget_type=\"text-editor.default\">\n\t\t\t\t<div class=\"elementor-widget-container\">\n\t\t\t\t\t\t\t\t\t<p>W &#8222;Villa Art Development&#8221; przywi\u0105zujemy ogromn\u0105 wag\u0119 do detali. Dbamy o ka\u017cdy aspekt projektu, od najmniejszych element\u00f3w architektonicznych po funkcjonalno\u015b\u0107 przestrzeni, aby zapewni\u0107 doskona\u0142o\u015b\u0107 w ka\u017cdym detalu.\u00a0<\/p>\t\t\t\t\t\t\t\t<\/div>\n\t\t\t\t<\/div>\n\t\t\t\t\t<\/div>\n\t\t<\/div>\n\t\t\t\t\t<\/div>\n\t\t<\/section>\n\t\t\t\t<section class=\"elementor-section elementor-top-section elementor-element elementor-element-628d87b elementor-section-full_width qode_elementor_container_inner elementor-section-content-middle elementor-section-height-default elementor-section-height-default parallax_section_no qode-content-aligment-left elementor-invisible\" data-id=\"628d87b\" data-element_type=\"section\" data-settings=\"{&quot;animation&quot;:&quot;fadeInUp&quot;}\">\n\t\t\t\t\t\t<div class=\"elementor-container elementor-column-gap-default\">\n\t\t\t\t\t<div class=\"elementor-column elementor-col-50 elementor-top-column elementor-element elementor-element-6b785cb\" data-id=\"6b785cb\" data-element_type=\"column\">\n\t\t\t<div class=\"elementor-widget-wrap elementor-element-populated\">\n\t\t\t\t\t\t<div class=\"elementor-element elementor-element-1de9ad2 elementor-widget elementor-widget-heading\" data-id=\"1de9ad2\" data-element_type=\"widget\" data-widget_type=\"heading.default\">\n\t\t\t\t<div class=\"elementor-widget-container\">\n\t\t\t\t\t<h2 class=\"elementor-heading-title elementor-size-default\">Tworzymy Twoje Wyj\u0105tkowe Miejsce do \u017bycia<\/h2>\t\t\t\t<\/div>\n\t\t\t\t<\/div>\n\t\t\t\t<div class=\"elementor-element elementor-element-e59af36 elementor-widget-divider--view-line elementor-widget elementor-widget-divider\" data-id=\"e59af36\" data-element_type=\"widget\" data-widget_type=\"divider.default\">\n\t\t\t\t<div class=\"elementor-widget-container\">\n\t\t\t\t\t\t\t<div class=\"elementor-divider\">\n\t\t\t<span class=\"elementor-divider-separator\">\n\t\t\t\t\t\t<\/span>\n\t\t<\/div>\n\t\t\t\t\t\t<\/div>\n\t\t\t\t<\/div>\n\t\t\t\t<div class=\"elementor-element elementor-element-7451fca elementor-widget elementor-widget-text-editor\" data-id=\"7451fca\" data-element_type=\"widget\" data-widget_type=\"text-editor.default\">\n\t\t\t\t<div class=\"elementor-widget-container\">\n\t\t\t\t\t\t\t\t\t<p>Nasza misja to stworzenie nie tylko domu, lecz prawdziwego wyrazu Twojej osobowo\u015bci i stylu \u017cycia. D\u0105\u017cymy do tego, aby nasze projekty odzwierciedla\u0142y Twoje marzenia o idealnym domu, zapewniaj\u0105c jednocze\u015bnie niezapomniane do\u015bwiadczenie mieszkania.\u00a0<\/p>\t\t\t\t\t\t\t\t<\/div>\n\t\t\t\t<\/div>\n\t\t\t\t\t<\/div>\n\t\t<\/div>\n\t\t\t\t<div class=\"elementor-column elementor-col-50 elementor-top-column elementor-element elementor-element-7a550b4\" data-id=\"7a550b4\" data-element_type=\"column\">\n\t\t\t<div class=\"elementor-widget-wrap elementor-element-populated\">\n\t\t\t\t\t\t<div class=\"elementor-element elementor-element-4e2c1ca elementor-widget elementor-widget-image\" data-id=\"4e2c1ca\" data-element_type=\"widget\" data-widget_type=\"image.default\">\n\t\t\t\t<div class=\"elementor-widget-container\">\n\t\t\t\t\t\t\t\t\t\t\t\t\t\t\t<img loading=\"lazy\" decoding=\"async\" width=\"800\" height=\"450\" src=\"https:\/\/fortis-terra.pl\/wp-content\/uploads\/2023\/04\/ostoja-1.jpg\" class=\"attachment-large size-large wp-image-752\" alt=\"\" srcset=\"https:\/\/fortis-terra.pl\/wp-content\/uploads\/2023\/04\/ostoja-1.jpg 800w, https:\/\/fortis-terra.pl\/wp-content\/uploads\/2023\/04\/ostoja-1-300x169.jpg 300w, https:\/\/fortis-terra.pl\/wp-content\/uploads\/2023\/04\/ostoja-1-768x432.jpg 768w, https:\/\/fortis-terra.pl\/wp-content\/uploads\/2023\/04\/ostoja-1-700x394.jpg 700w\" sizes=\"(max-width: 800px) 100vw, 800px\" \/>\t\t\t\t\t\t\t\t\t\t\t\t\t\t\t<\/div>\n\t\t\t\t<\/div>\n\t\t\t\t\t<\/div>\n\t\t<\/div>\n\t\t\t\t\t<\/div>\n\t\t<\/section>\n\t\t\t\t<section class=\"elementor-section elementor-top-section elementor-element elementor-element-357bec9 elementor-section-full_width qode_elementor_container_inner elementor-section-content-middle elementor-section-height-default elementor-section-height-default parallax_section_no qode-content-aligment-left elementor-invisible\" data-id=\"357bec9\" data-element_type=\"section\" data-settings=\"{&quot;animation&quot;:&quot;fadeInUp&quot;}\">\n\t\t\t\t\t\t<div class=\"elementor-container elementor-column-gap-default\">\n\t\t\t\t\t<div class=\"elementor-column elementor-col-100 elementor-top-column elementor-element elementor-element-29c70bf\" data-id=\"29c70bf\" data-element_type=\"column\">\n\t\t\t<div class=\"elementor-widget-wrap elementor-element-populated\">\n\t\t\t\t\t\t<div class=\"elementor-element elementor-element-4505bab elementor-widget elementor-widget-text-editor\" data-id=\"4505bab\" data-element_type=\"widget\" data-widget_type=\"text-editor.default\">\n\t\t\t\t<div class=\"elementor-widget-container\">\n\t\t\t\t\t\t\t\t\t<p>&#8222;Villa Art Development&#8221; w Fortis-Terra to gwarancja spersonalizowanych us\u0142ug projektowych, kt\u00f3re przek\u0142adaj\u0105 marzenia o nowoczesnym domu na realne projekty. Nasz zesp\u00f3\u0142 z pasj\u0105 i zaanga\u017cowaniem kreuje niepowtarzalne i dopasowane do Ciebie projekty, kt\u00f3re stanowi\u0105 doskona\u0142e miejsce do \u017cycia.\u00a0<\/p>\t\t\t\t\t\t\t\t<\/div>\n\t\t\t\t<\/div>\n\t\t\t\t\t<\/div>\n\t\t<\/div>\n\t\t\t\t\t<\/div>\n\t\t<\/section>\n\t\t\t\t<\/div>\n\t\t","protected":false},"excerpt":{"rendered":"<p>Villa Art Development &#8211; Nowoczesna Architektura dla Wymagaj\u0105cych Klient\u00f3w&nbsp; Us\u0142ugi Projektowe &#8222;Villa Art Development&#8221; &#8211; Tw\u00f3j Nowoczesny Dom Marze\u0144 Fortis-Terra z dum\u0105 prezentuje swoje us\u0142ugi projektowe &#8222;Villa Art Development&#8221;, dedykowane klientom indywidualnym, kt\u00f3rzy poszukuj\u0105 niezwyk\u0142ych, nowoczesnych dom\u00f3w. Nasz zesp\u00f3\u0142 jest zaanga\u017cowany w stworzenie spersonalizowanych projekt\u00f3w,&#8230;<\/p>\n","protected":false},"author":1,"featured_media":0,"parent":0,"menu_order":0,"comment_status":"closed","ping_status":"closed","template":"","meta":{"inline_featured_image":false,"footnotes":""},"class_list":["post-781","page","type-page","status-publish","hentry"],"_links":{"self":[{"href":"https:\/\/fortis-terra.pl\/index.php?rest_route=\/wp\/v2\/pages\/781","targetHints":{"allow":["GET"]}}],"collection":[{"href":"https:\/\/fortis-terra.pl\/index.php?rest_route=\/wp\/v2\/pages"}],"about":[{"href":"https:\/\/fortis-terra.pl\/index.php?rest_route=\/wp\/v2\/types\/page"}],"author":[{"embeddable":true,"href":"https:\/\/fortis-terra.pl\/index.php?rest_route=\/wp\/v2\/users\/1"}],"replies":[{"embeddable":true,"href":"https:\/\/fortis-terra.pl\/index.php?rest_route=%2Fwp%2Fv2%2Fcomments&post=781"}],"version-history":[{"count":13,"href":"https:\/\/fortis-terra.pl\/index.php?rest_route=\/wp\/v2\/pages\/781\/revisions"}],"predecessor-version":[{"id":1021,"href":"https:\/\/fortis-terra.pl\/index.php?rest_route=\/wp\/v2\/pages\/781\/revisions\/1021"}],"wp:attachment":[{"href":"https:\/\/fortis-terra.pl\/index.php?rest_route=%2Fwp%2Fv2%2Fmedia&parent=781"}],"curies":[{"name":"wp","href":"https:\/\/api.w.org\/{rel}","templated":true}]}}