{"id":623,"date":"2022-10-04T12:17:14","date_gmt":"2022-10-04T10:17:14","guid":{"rendered":"https:\/\/fortis-terra.pl\/?page_id=623"},"modified":"2024-01-04T19:10:43","modified_gmt":"2024-01-04T18:10:43","slug":"realizacje","status":"publish","type":"page","link":"https:\/\/fortis-terra.pl\/?page_id=623","title":{"rendered":"Realizacje"},"content":{"rendered":"\t\t<div data-elementor-type=\"wp-page\" data-elementor-id=\"623\" class=\"elementor elementor-623\">\n\t\t\t\t\t\t<section class=\"elementor-section elementor-top-section elementor-element elementor-element-aa49c5c elementor-section-boxed elementor-section-height-default elementor-section-height-default parallax_section_no qode_elementor_container_no qode-content-aligment-left elementor-invisible\" data-id=\"aa49c5c\" data-element_type=\"section\" data-settings=\"{&quot;animation&quot;:&quot;fadeInUp&quot;}\">\n\t\t\t\t\t\t<div class=\"elementor-container elementor-column-gap-default\">\n\t\t\t\t\t<div class=\"elementor-column elementor-col-100 elementor-top-column elementor-element elementor-element-b6ac127\" data-id=\"b6ac127\" data-element_type=\"column\">\n\t\t\t<div class=\"elementor-widget-wrap elementor-element-populated\">\n\t\t\t\t\t\t<div class=\"elementor-element elementor-element-0b5382c elementor-widget elementor-widget-portfolio_list\" data-id=\"0b5382c\" data-element_type=\"widget\" data-widget_type=\"portfolio_list.default\">\n\t\t\t\t<div class=\"elementor-widget-container\">\n\t\t\t\t\t<div class='projects_holder_outer v portfolio_no_space  qode-filter-position-top'>\n\t    \t<div class='projects_holder clearfix v qode-pl-split portfolio_default_image '>\n\t\t\r\n<article class=\"qode-pl-item portfolio_category_10\" data-img-index=\"0\">\r\n    <div class=\"qode-pl-item-inner\">\r\n        <div class='portfolio_description  text_align_center' >\r\n                <h3 class=\"portfolio_title\" ><a href=\"https:\/\/fortis-terra.pl\/?portfolio_page=staniszow-i\" target=\"_self\"> Stanisz\u00f3w I<\/a><\/h3>\n\r\n<div class=\"qode-pl-split-button-holder\">\r\n    <a href=\"https:\/\/fortis-terra.pl\/?portfolio_page=staniszow-i\" target=\"_self\"  class=\"qbutton  qode-pl-split-button\" style=\"\">Wi\u0119cej<\/a><\/div>        <\/div>\r\n        <div class='image_holder'>\r\n            \n<span class='image'><img fetchpriority=\"high\" decoding=\"async\" width=\"1600\" height=\"1200\" src=\"https:\/\/fortis-terra.pl\/wp-content\/uploads\/2022\/10\/Staniszow.jpg\" class=\"attachment-full size-full wp-post-image\" alt=\"\" srcset=\"https:\/\/fortis-terra.pl\/wp-content\/uploads\/2022\/10\/Staniszow.jpg 1600w, https:\/\/fortis-terra.pl\/wp-content\/uploads\/2022\/10\/Staniszow-300x225.jpg 300w, https:\/\/fortis-terra.pl\/wp-content\/uploads\/2022\/10\/Staniszow-1024x768.jpg 1024w, https:\/\/fortis-terra.pl\/wp-content\/uploads\/2022\/10\/Staniszow-768x576.jpg 768w, https:\/\/fortis-terra.pl\/wp-content\/uploads\/2022\/10\/Staniszow-1536x1152.jpg 1536w, https:\/\/fortis-terra.pl\/wp-content\/uploads\/2022\/10\/Staniszow-800x600.jpg 800w, https:\/\/fortis-terra.pl\/wp-content\/uploads\/2022\/10\/Staniszow-700x525.jpg 700w, https:\/\/fortis-terra.pl\/wp-content\/uploads\/2022\/10\/Staniszow-1100x825.jpg 1100w\" sizes=\"(max-width: 1600px) 100vw, 1600px\" \/><\/span>\r\n                            <a class='portfolio_link_class' href='https:\/\/fortis-terra.pl\/?portfolio_page=staniszow-i' target='_self'><\/a>\r\n            \r\n        <\/div>\r\n    <\/div>\r\n<\/article>\r\n\r\n<article class=\"qode-pl-item portfolio_category_10\" data-img-index=\"1\">\r\n    <div class=\"qode-pl-item-inner\">\r\n        <div class='portfolio_description  text_align_center' >\r\n                <h3 class=\"portfolio_title\" ><a href=\"https:\/\/fortis-terra.pl\/?portfolio_page=staniszow-ii\" target=\"_self\"> Stanisz\u00f3w II<\/a><\/h3>\n\r\n<div class=\"qode-pl-split-button-holder\">\r\n    <a href=\"https:\/\/fortis-terra.pl\/?portfolio_page=staniszow-ii\" target=\"_self\"  class=\"qbutton  qode-pl-split-button\" style=\"\">Wi\u0119cej<\/a><\/div>        <\/div>\r\n        <div class='image_holder'>\r\n            \n<span class='image'><img decoding=\"async\" width=\"1600\" height=\"1200\" src=\"https:\/\/fortis-terra.pl\/wp-content\/uploads\/2022\/10\/Staniszow-1.jpg\" class=\"attachment-full size-full wp-post-image\" alt=\"\" srcset=\"https:\/\/fortis-terra.pl\/wp-content\/uploads\/2022\/10\/Staniszow-1.jpg 1600w, https:\/\/fortis-terra.pl\/wp-content\/uploads\/2022\/10\/Staniszow-1-300x225.jpg 300w, https:\/\/fortis-terra.pl\/wp-content\/uploads\/2022\/10\/Staniszow-1-1024x768.jpg 1024w, https:\/\/fortis-terra.pl\/wp-content\/uploads\/2022\/10\/Staniszow-1-768x576.jpg 768w, https:\/\/fortis-terra.pl\/wp-content\/uploads\/2022\/10\/Staniszow-1-1536x1152.jpg 1536w, https:\/\/fortis-terra.pl\/wp-content\/uploads\/2022\/10\/Staniszow-1-800x600.jpg 800w, https:\/\/fortis-terra.pl\/wp-content\/uploads\/2022\/10\/Staniszow-1-700x525.jpg 700w, https:\/\/fortis-terra.pl\/wp-content\/uploads\/2022\/10\/Staniszow-1-1100x825.jpg 1100w\" sizes=\"(max-width: 1600px) 100vw, 1600px\" \/><\/span>\r\n                            <a class='portfolio_link_class' href='https:\/\/fortis-terra.pl\/?portfolio_page=staniszow-ii' target='_self'><\/a>\r\n            \r\n        <\/div>\r\n    <\/div>\r\n<\/article>\r\n\r\n<article class=\"qode-pl-item portfolio_category_12\" data-img-index=\"2\">\r\n    <div class=\"qode-pl-item-inner\">\r\n        <div class='portfolio_description  text_align_center' >\r\n                <h3 class=\"portfolio_title\" ><a href=\"https:\/\/fortis-terra.pl\/?portfolio_page=szklarska-poreba-i\" target=\"_self\"> Szklarska Por\u0119ba I<\/a><\/h3>\n\r\n<div class=\"qode-pl-split-button-holder\">\r\n    <a href=\"https:\/\/fortis-terra.pl\/?portfolio_page=szklarska-poreba-i\" target=\"_self\"  class=\"qbutton  qode-pl-split-button\" style=\"\">Wi\u0119cej<\/a><\/div>        <\/div>\r\n        <div class='image_holder'>\r\n            \n<span class='image'><img decoding=\"async\" width=\"1600\" height=\"1200\" src=\"https:\/\/fortis-terra.pl\/wp-content\/uploads\/2022\/10\/Szklarska-Poreba2.jpg\" class=\"attachment-full size-full wp-post-image\" alt=\"\" srcset=\"https:\/\/fortis-terra.pl\/wp-content\/uploads\/2022\/10\/Szklarska-Poreba2.jpg 1600w, https:\/\/fortis-terra.pl\/wp-content\/uploads\/2022\/10\/Szklarska-Poreba2-300x225.jpg 300w, https:\/\/fortis-terra.pl\/wp-content\/uploads\/2022\/10\/Szklarska-Poreba2-1024x768.jpg 1024w, https:\/\/fortis-terra.pl\/wp-content\/uploads\/2022\/10\/Szklarska-Poreba2-768x576.jpg 768w, https:\/\/fortis-terra.pl\/wp-content\/uploads\/2022\/10\/Szklarska-Poreba2-1536x1152.jpg 1536w, https:\/\/fortis-terra.pl\/wp-content\/uploads\/2022\/10\/Szklarska-Poreba2-800x600.jpg 800w, https:\/\/fortis-terra.pl\/wp-content\/uploads\/2022\/10\/Szklarska-Poreba2-700x525.jpg 700w, https:\/\/fortis-terra.pl\/wp-content\/uploads\/2022\/10\/Szklarska-Poreba2-1100x825.jpg 1100w\" sizes=\"(max-width: 1600px) 100vw, 1600px\" \/><\/span>\r\n                            <a class='portfolio_link_class' href='https:\/\/fortis-terra.pl\/?portfolio_page=szklarska-poreba-i' target='_self'><\/a>\r\n            \r\n        <\/div>\r\n    <\/div>\r\n<\/article>\r\n\r\n<article class=\"qode-pl-item portfolio_category_13\" data-img-index=\"3\">\r\n    <div class=\"qode-pl-item-inner\">\r\n        <div class='portfolio_description  text_align_center' >\r\n                <h3 class=\"portfolio_title\" ><a href=\"https:\/\/fortis-terra.pl\/?portfolio_page=lomnica\" target=\"_self\"> \u0141omnica<\/a><\/h3>\n\r\n<div class=\"qode-pl-split-button-holder\">\r\n    <a href=\"https:\/\/fortis-terra.pl\/?portfolio_page=lomnica\" target=\"_self\"  class=\"qbutton  qode-pl-split-button\" style=\"\">Wi\u0119cej<\/a><\/div>        <\/div>\r\n        <div class='image_holder'>\r\n            \n<span class='image'><img loading=\"lazy\" decoding=\"async\" width=\"1080\" height=\"608\" src=\"https:\/\/fortis-terra.pl\/wp-content\/uploads\/2022\/10\/Lomnica.jpg\" class=\"attachment-full size-full wp-post-image\" alt=\"\" srcset=\"https:\/\/fortis-terra.pl\/wp-content\/uploads\/2022\/10\/Lomnica.jpg 1080w, https:\/\/fortis-terra.pl\/wp-content\/uploads\/2022\/10\/Lomnica-300x169.jpg 300w, https:\/\/fortis-terra.pl\/wp-content\/uploads\/2022\/10\/Lomnica-1024x576.jpg 1024w, https:\/\/fortis-terra.pl\/wp-content\/uploads\/2022\/10\/Lomnica-768x432.jpg 768w, https:\/\/fortis-terra.pl\/wp-content\/uploads\/2022\/10\/Lomnica-700x394.jpg 700w\" sizes=\"(max-width: 1080px) 100vw, 1080px\" \/><\/span>\r\n                            <a class='portfolio_link_class' href='https:\/\/fortis-terra.pl\/?portfolio_page=lomnica' target='_self'><\/a>\r\n            \r\n        <\/div>\r\n    <\/div>\r\n<\/article>\r\n\r\n<article class=\"qode-pl-item portfolio_category_11\" data-img-index=\"4\">\r\n    <div class=\"qode-pl-item-inner\">\r\n        <div class='portfolio_description  text_align_center' >\r\n                <h3 class=\"portfolio_title\" ><a href=\"https:\/\/fortis-terra.pl\/?portfolio_page=dziwiszow\" target=\"_self\"> Dziwisz\u00f3w<\/a><\/h3>\n\r\n<div class=\"qode-pl-split-button-holder\">\r\n    <a href=\"https:\/\/fortis-terra.pl\/?portfolio_page=dziwiszow\" target=\"_self\"  class=\"qbutton  qode-pl-split-button\" style=\"\">Wi\u0119cej<\/a><\/div>        <\/div>\r\n        <div class='image_holder'>\r\n            \n<span class='image'><img loading=\"lazy\" decoding=\"async\" width=\"1920\" height=\"1080\" src=\"https:\/\/fortis-terra.pl\/wp-content\/uploads\/2022\/01\/FDM_PK02_08_01-2.jpg\" class=\"attachment-full size-full wp-post-image\" alt=\"\" srcset=\"https:\/\/fortis-terra.pl\/wp-content\/uploads\/2022\/01\/FDM_PK02_08_01-2.jpg 1920w, https:\/\/fortis-terra.pl\/wp-content\/uploads\/2022\/01\/FDM_PK02_08_01-2-300x169.jpg 300w, https:\/\/fortis-terra.pl\/wp-content\/uploads\/2022\/01\/FDM_PK02_08_01-2-1024x576.jpg 1024w, https:\/\/fortis-terra.pl\/wp-content\/uploads\/2022\/01\/FDM_PK02_08_01-2-768x432.jpg 768w, https:\/\/fortis-terra.pl\/wp-content\/uploads\/2022\/01\/FDM_PK02_08_01-2-1536x864.jpg 1536w, https:\/\/fortis-terra.pl\/wp-content\/uploads\/2022\/01\/FDM_PK02_08_01-2-700x394.jpg 700w, https:\/\/fortis-terra.pl\/wp-content\/uploads\/2022\/01\/FDM_PK02_08_01-2-1100x619.jpg 1100w\" sizes=\"(max-width: 1920px) 100vw, 1920px\" \/><\/span>\r\n                            <a class='portfolio_link_class' href='https:\/\/fortis-terra.pl\/?portfolio_page=dziwiszow' target='_self'><\/a>\r\n            \r\n        <\/div>\r\n    <\/div>\r\n<\/article>\r\n\r\n<article class=\"qode-pl-item portfolio_category_14\" data-img-index=\"5\">\r\n    <div class=\"qode-pl-item-inner\">\r\n        <div class='portfolio_description  text_align_center' >\r\n                <h3 class=\"portfolio_title\" ><a href=\"https:\/\/fortis-terra.pl\/?portfolio_page=zgorzelec\" target=\"_self\"> Zgorzelec<\/a><\/h3>\n\r\n<div class=\"qode-pl-split-button-holder\">\r\n    <a href=\"https:\/\/fortis-terra.pl\/?portfolio_page=zgorzelec\" target=\"_self\"  class=\"qbutton  qode-pl-split-button\" style=\"\">Wi\u0119cej<\/a><\/div>        <\/div>\r\n        <div class='image_holder'>\r\n            \n<span class='image'><img loading=\"lazy\" decoding=\"async\" width=\"2000\" height=\"1125\" src=\"https:\/\/fortis-terra.pl\/wp-content\/uploads\/2023\/04\/zgorzele1.jpg\" class=\"attachment-full size-full wp-post-image\" alt=\"\" srcset=\"https:\/\/fortis-terra.pl\/wp-content\/uploads\/2023\/04\/zgorzele1.jpg 2000w, https:\/\/fortis-terra.pl\/wp-content\/uploads\/2023\/04\/zgorzele1-300x169.jpg 300w, https:\/\/fortis-terra.pl\/wp-content\/uploads\/2023\/04\/zgorzele1-1024x576.jpg 1024w, https:\/\/fortis-terra.pl\/wp-content\/uploads\/2023\/04\/zgorzele1-768x432.jpg 768w, https:\/\/fortis-terra.pl\/wp-content\/uploads\/2023\/04\/zgorzele1-1536x864.jpg 1536w, https:\/\/fortis-terra.pl\/wp-content\/uploads\/2023\/04\/zgorzele1-700x394.jpg 700w, https:\/\/fortis-terra.pl\/wp-content\/uploads\/2023\/04\/zgorzele1-1100x619.jpg 1100w\" sizes=\"(max-width: 2000px) 100vw, 2000px\" \/><\/span>\r\n                            <a class='portfolio_link_class' href='https:\/\/fortis-terra.pl\/?portfolio_page=zgorzelec' target='_self'><\/a>\r\n            \r\n        <\/div>\r\n    <\/div>\r\n<\/article>\r\n\r\n<article class=\"qode-pl-item portfolio_category_15\" data-img-index=\"6\">\r\n    <div class=\"qode-pl-item-inner\">\r\n        <div class='portfolio_description  text_align_center' >\r\n                <h3 class=\"portfolio_title\" ><a href=\"https:\/\/fortis-terra.pl\/?portfolio_page=wilka\" target=\"_self\"> Wilka<\/a><\/h3>\n\r\n<div class=\"qode-pl-split-button-holder\">\r\n    <a href=\"https:\/\/fortis-terra.pl\/?portfolio_page=wilka\" target=\"_self\"  class=\"qbutton  qode-pl-split-button\" style=\"\">Wi\u0119cej<\/a><\/div>        <\/div>\r\n        <div class='image_holder'>\r\n            \n<span class='image'><img loading=\"lazy\" decoding=\"async\" width=\"1920\" height=\"1080\" src=\"https:\/\/fortis-terra.pl\/wp-content\/uploads\/2023\/04\/WILKA1.jpg\" class=\"attachment-full size-full wp-post-image\" alt=\"\" srcset=\"https:\/\/fortis-terra.pl\/wp-content\/uploads\/2023\/04\/WILKA1.jpg 1920w, https:\/\/fortis-terra.pl\/wp-content\/uploads\/2023\/04\/WILKA1-300x169.jpg 300w, https:\/\/fortis-terra.pl\/wp-content\/uploads\/2023\/04\/WILKA1-1024x576.jpg 1024w, https:\/\/fortis-terra.pl\/wp-content\/uploads\/2023\/04\/WILKA1-768x432.jpg 768w, https:\/\/fortis-terra.pl\/wp-content\/uploads\/2023\/04\/WILKA1-1536x864.jpg 1536w, https:\/\/fortis-terra.pl\/wp-content\/uploads\/2023\/04\/WILKA1-700x394.jpg 700w, https:\/\/fortis-terra.pl\/wp-content\/uploads\/2023\/04\/WILKA1-1100x619.jpg 1100w\" sizes=\"(max-width: 1920px) 100vw, 1920px\" \/><\/span>\r\n                            <a class='portfolio_link_class' href='https:\/\/fortis-terra.pl\/?portfolio_page=wilka' target='_self'><\/a>\r\n            \r\n        <\/div>\r\n    <\/div>\r\n<\/article>\r\n\r\n<article class=\"qode-pl-item portfolio_category_16\" data-img-index=\"7\">\r\n    <div class=\"qode-pl-item-inner\">\r\n        <div class='portfolio_description  text_align_center' >\r\n                <h3 class=\"portfolio_title\" ><a href=\"https:\/\/fortis-terra.pl\/?portfolio_page=jaworze\" target=\"_self\"> Jaworze<\/a><\/h3>\n\r\n<div class=\"qode-pl-split-button-holder\">\r\n    <a href=\"https:\/\/fortis-terra.pl\/?portfolio_page=jaworze\" target=\"_self\"  class=\"qbutton  qode-pl-split-button\" style=\"\">Wi\u0119cej<\/a><\/div>        <\/div>\r\n        <div class='image_holder'>\r\n            \n<span class='image'><img loading=\"lazy\" decoding=\"async\" width=\"1920\" height=\"1080\" src=\"https:\/\/fortis-terra.pl\/wp-content\/uploads\/2023\/04\/Jaworze1.jpg\" class=\"attachment-full size-full wp-post-image\" alt=\"\" srcset=\"https:\/\/fortis-terra.pl\/wp-content\/uploads\/2023\/04\/Jaworze1.jpg 1920w, https:\/\/fortis-terra.pl\/wp-content\/uploads\/2023\/04\/Jaworze1-300x169.jpg 300w, https:\/\/fortis-terra.pl\/wp-content\/uploads\/2023\/04\/Jaworze1-1024x576.jpg 1024w, https:\/\/fortis-terra.pl\/wp-content\/uploads\/2023\/04\/Jaworze1-768x432.jpg 768w, https:\/\/fortis-terra.pl\/wp-content\/uploads\/2023\/04\/Jaworze1-1536x864.jpg 1536w, https:\/\/fortis-terra.pl\/wp-content\/uploads\/2023\/04\/Jaworze1-700x394.jpg 700w, https:\/\/fortis-terra.pl\/wp-content\/uploads\/2023\/04\/Jaworze1-1100x619.jpg 1100w\" sizes=\"(max-width: 1920px) 100vw, 1920px\" \/><\/span>\r\n                            <a class='portfolio_link_class' href='https:\/\/fortis-terra.pl\/?portfolio_page=jaworze' target='_self'><\/a>\r\n            \r\n        <\/div>\r\n    <\/div>\r\n<\/article>\r\n\r\n<article class=\"qode-pl-item portfolio_category_17\" data-img-index=\"8\">\r\n    <div class=\"qode-pl-item-inner\">\r\n        <div class='portfolio_description  text_align_center' >\r\n                <h3 class=\"portfolio_title\" ><a href=\"https:\/\/fortis-terra.pl\/?portfolio_page=bobrow\" target=\"_self\"> Bobr\u00f3w<\/a><\/h3>\n\r\n<div class=\"qode-pl-split-button-holder\">\r\n    <a href=\"https:\/\/fortis-terra.pl\/?portfolio_page=bobrow\" target=\"_self\"  class=\"qbutton  qode-pl-split-button\" style=\"\">Wi\u0119cej<\/a><\/div>        <\/div>\r\n        <div class='image_holder'>\r\n            \n<span class='image'><img loading=\"lazy\" decoding=\"async\" width=\"2000\" height=\"1125\" src=\"https:\/\/fortis-terra.pl\/wp-content\/uploads\/2023\/04\/bobrow-1.jpg\" class=\"attachment-full size-full wp-post-image\" alt=\"\" srcset=\"https:\/\/fortis-terra.pl\/wp-content\/uploads\/2023\/04\/bobrow-1.jpg 2000w, https:\/\/fortis-terra.pl\/wp-content\/uploads\/2023\/04\/bobrow-1-300x169.jpg 300w, https:\/\/fortis-terra.pl\/wp-content\/uploads\/2023\/04\/bobrow-1-1024x576.jpg 1024w, https:\/\/fortis-terra.pl\/wp-content\/uploads\/2023\/04\/bobrow-1-768x432.jpg 768w, https:\/\/fortis-terra.pl\/wp-content\/uploads\/2023\/04\/bobrow-1-1536x864.jpg 1536w, https:\/\/fortis-terra.pl\/wp-content\/uploads\/2023\/04\/bobrow-1-700x394.jpg 700w, https:\/\/fortis-terra.pl\/wp-content\/uploads\/2023\/04\/bobrow-1-1100x619.jpg 1100w\" sizes=\"(max-width: 2000px) 100vw, 2000px\" \/><\/span>\r\n                            <a class='portfolio_link_class' href='https:\/\/fortis-terra.pl\/?portfolio_page=bobrow' target='_self'><\/a>\r\n            \r\n        <\/div>\r\n    <\/div>\r\n<\/article>\r\n\r\n<article class=\"qode-pl-item portfolio_category_18\" data-img-index=\"9\">\r\n    <div class=\"qode-pl-item-inner\">\r\n        <div class='portfolio_description  text_align_center' >\r\n                <h3 class=\"portfolio_title\" ><a href=\"https:\/\/fortis-terra.pl\/?portfolio_page=domy-na-wodzie\" target=\"_self\"> Domy na wodzie<\/a><\/h3>\n\r\n<div class=\"qode-pl-split-button-holder\">\r\n    <a href=\"https:\/\/fortis-terra.pl\/?portfolio_page=domy-na-wodzie\" target=\"_self\"  class=\"qbutton  qode-pl-split-button\" style=\"\">Wi\u0119cej<\/a><\/div>        <\/div>\r\n        <div class='image_holder'>\r\n            \n<span class='image'><img loading=\"lazy\" decoding=\"async\" width=\"2000\" height=\"1125\" src=\"https:\/\/fortis-terra.pl\/wp-content\/uploads\/2023\/04\/Domy-na-wodzie-1.jpg\" class=\"attachment-full size-full wp-post-image\" alt=\"\" srcset=\"https:\/\/fortis-terra.pl\/wp-content\/uploads\/2023\/04\/Domy-na-wodzie-1.jpg 2000w, https:\/\/fortis-terra.pl\/wp-content\/uploads\/2023\/04\/Domy-na-wodzie-1-300x169.jpg 300w, https:\/\/fortis-terra.pl\/wp-content\/uploads\/2023\/04\/Domy-na-wodzie-1-1024x576.jpg 1024w, https:\/\/fortis-terra.pl\/wp-content\/uploads\/2023\/04\/Domy-na-wodzie-1-768x432.jpg 768w, https:\/\/fortis-terra.pl\/wp-content\/uploads\/2023\/04\/Domy-na-wodzie-1-1536x864.jpg 1536w, https:\/\/fortis-terra.pl\/wp-content\/uploads\/2023\/04\/Domy-na-wodzie-1-700x394.jpg 700w, https:\/\/fortis-terra.pl\/wp-content\/uploads\/2023\/04\/Domy-na-wodzie-1-1100x619.jpg 1100w\" sizes=\"(max-width: 2000px) 100vw, 2000px\" \/><\/span>\r\n                            <a class='portfolio_link_class' href='https:\/\/fortis-terra.pl\/?portfolio_page=domy-na-wodzie' target='_self'><\/a>\r\n            \r\n        <\/div>\r\n    <\/div>\r\n<\/article>\r\n\t<\/div>\n\n                    <div class=\"qode-portfolio-list-split-fixed-holder\">\n            \r\n    <article class=\"qode-pl-fixed-item portfolio_category_10\" data-item-index=\"0\">\r\n        <div class=\"qode-pl-fixed-item-inner\">\r\n            <div class='portfolio_description  text_align_center' >\r\n                    <h3 class=\"portfolio_title\" ><a href=\"https:\/\/fortis-terra.pl\/?portfolio_page=staniszow-i\" target=\"_self\"> Stanisz\u00f3w I<\/a><\/h3>\n\r\n<div class=\"qode-pl-split-button-holder\">\r\n    <a href=\"https:\/\/fortis-terra.pl\/?portfolio_page=staniszow-i\" target=\"_self\"  class=\"qbutton  qode-pl-split-button\" style=\"\">Wi\u0119cej<\/a><\/div>            <\/div>\r\n        <\/div>\r\n    <\/article>\r\n\r\n    <article class=\"qode-pl-fixed-item portfolio_category_10\" data-item-index=\"1\">\r\n        <div class=\"qode-pl-fixed-item-inner\">\r\n            <div class='portfolio_description  text_align_center' >\r\n                    <h3 class=\"portfolio_title\" ><a href=\"https:\/\/fortis-terra.pl\/?portfolio_page=staniszow-ii\" target=\"_self\"> Stanisz\u00f3w II<\/a><\/h3>\n\r\n<div class=\"qode-pl-split-button-holder\">\r\n    <a href=\"https:\/\/fortis-terra.pl\/?portfolio_page=staniszow-ii\" target=\"_self\"  class=\"qbutton  qode-pl-split-button\" style=\"\">Wi\u0119cej<\/a><\/div>            <\/div>\r\n        <\/div>\r\n    <\/article>\r\n\r\n    <article class=\"qode-pl-fixed-item portfolio_category_12\" data-item-index=\"2\">\r\n        <div class=\"qode-pl-fixed-item-inner\">\r\n            <div class='portfolio_description  text_align_center' >\r\n                    <h3 class=\"portfolio_title\" ><a href=\"https:\/\/fortis-terra.pl\/?portfolio_page=szklarska-poreba-i\" target=\"_self\"> Szklarska Por\u0119ba I<\/a><\/h3>\n\r\n<div class=\"qode-pl-split-button-holder\">\r\n    <a href=\"https:\/\/fortis-terra.pl\/?portfolio_page=szklarska-poreba-i\" target=\"_self\"  class=\"qbutton  qode-pl-split-button\" style=\"\">Wi\u0119cej<\/a><\/div>            <\/div>\r\n        <\/div>\r\n    <\/article>\r\n\r\n    <article class=\"qode-pl-fixed-item portfolio_category_13\" data-item-index=\"3\">\r\n        <div class=\"qode-pl-fixed-item-inner\">\r\n            <div class='portfolio_description  text_align_center' >\r\n                    <h3 class=\"portfolio_title\" ><a href=\"https:\/\/fortis-terra.pl\/?portfolio_page=lomnica\" target=\"_self\"> \u0141omnica<\/a><\/h3>\n\r\n<div class=\"qode-pl-split-button-holder\">\r\n    <a href=\"https:\/\/fortis-terra.pl\/?portfolio_page=lomnica\" target=\"_self\"  class=\"qbutton  qode-pl-split-button\" style=\"\">Wi\u0119cej<\/a><\/div>            <\/div>\r\n        <\/div>\r\n    <\/article>\r\n\r\n    <article class=\"qode-pl-fixed-item portfolio_category_11\" data-item-index=\"4\">\r\n        <div class=\"qode-pl-fixed-item-inner\">\r\n            <div class='portfolio_description  text_align_center' >\r\n                    <h3 class=\"portfolio_title\" ><a href=\"https:\/\/fortis-terra.pl\/?portfolio_page=dziwiszow\" target=\"_self\"> Dziwisz\u00f3w<\/a><\/h3>\n\r\n<div class=\"qode-pl-split-button-holder\">\r\n    <a href=\"https:\/\/fortis-terra.pl\/?portfolio_page=dziwiszow\" target=\"_self\"  class=\"qbutton  qode-pl-split-button\" style=\"\">Wi\u0119cej<\/a><\/div>            <\/div>\r\n        <\/div>\r\n    <\/article>\r\n\r\n    <article class=\"qode-pl-fixed-item portfolio_category_14\" data-item-index=\"5\">\r\n        <div class=\"qode-pl-fixed-item-inner\">\r\n            <div class='portfolio_description  text_align_center' >\r\n                    <h3 class=\"portfolio_title\" ><a href=\"https:\/\/fortis-terra.pl\/?portfolio_page=zgorzelec\" target=\"_self\"> Zgorzelec<\/a><\/h3>\n\r\n<div class=\"qode-pl-split-button-holder\">\r\n    <a href=\"https:\/\/fortis-terra.pl\/?portfolio_page=zgorzelec\" target=\"_self\"  class=\"qbutton  qode-pl-split-button\" style=\"\">Wi\u0119cej<\/a><\/div>            <\/div>\r\n        <\/div>\r\n    <\/article>\r\n\r\n    <article class=\"qode-pl-fixed-item portfolio_category_15\" data-item-index=\"6\">\r\n        <div class=\"qode-pl-fixed-item-inner\">\r\n            <div class='portfolio_description  text_align_center' >\r\n                    <h3 class=\"portfolio_title\" ><a href=\"https:\/\/fortis-terra.pl\/?portfolio_page=wilka\" target=\"_self\"> Wilka<\/a><\/h3>\n\r\n<div class=\"qode-pl-split-button-holder\">\r\n    <a href=\"https:\/\/fortis-terra.pl\/?portfolio_page=wilka\" target=\"_self\"  class=\"qbutton  qode-pl-split-button\" style=\"\">Wi\u0119cej<\/a><\/div>            <\/div>\r\n        <\/div>\r\n    <\/article>\r\n\r\n    <article class=\"qode-pl-fixed-item portfolio_category_16\" data-item-index=\"7\">\r\n        <div class=\"qode-pl-fixed-item-inner\">\r\n            <div class='portfolio_description  text_align_center' >\r\n                    <h3 class=\"portfolio_title\" ><a href=\"https:\/\/fortis-terra.pl\/?portfolio_page=jaworze\" target=\"_self\"> Jaworze<\/a><\/h3>\n\r\n<div class=\"qode-pl-split-button-holder\">\r\n    <a href=\"https:\/\/fortis-terra.pl\/?portfolio_page=jaworze\" target=\"_self\"  class=\"qbutton  qode-pl-split-button\" style=\"\">Wi\u0119cej<\/a><\/div>            <\/div>\r\n        <\/div>\r\n    <\/article>\r\n\r\n    <article class=\"qode-pl-fixed-item portfolio_category_17\" data-item-index=\"8\">\r\n        <div class=\"qode-pl-fixed-item-inner\">\r\n            <div class='portfolio_description  text_align_center' >\r\n                    <h3 class=\"portfolio_title\" ><a href=\"https:\/\/fortis-terra.pl\/?portfolio_page=bobrow\" target=\"_self\"> Bobr\u00f3w<\/a><\/h3>\n\r\n<div class=\"qode-pl-split-button-holder\">\r\n    <a href=\"https:\/\/fortis-terra.pl\/?portfolio_page=bobrow\" target=\"_self\"  class=\"qbutton  qode-pl-split-button\" style=\"\">Wi\u0119cej<\/a><\/div>            <\/div>\r\n        <\/div>\r\n    <\/article>\r\n\r\n    <article class=\"qode-pl-fixed-item portfolio_category_18\" data-item-index=\"9\">\r\n        <div class=\"qode-pl-fixed-item-inner\">\r\n            <div class='portfolio_description  text_align_center' >\r\n                    <h3 class=\"portfolio_title\" ><a href=\"https:\/\/fortis-terra.pl\/?portfolio_page=domy-na-wodzie\" target=\"_self\"> Domy na wodzie<\/a><\/h3>\n\r\n<div class=\"qode-pl-split-button-holder\">\r\n    <a href=\"https:\/\/fortis-terra.pl\/?portfolio_page=domy-na-wodzie\" target=\"_self\"  class=\"qbutton  qode-pl-split-button\" style=\"\">Wi\u0119cej<\/a><\/div>            <\/div>\r\n        <\/div>\r\n    <\/article>\r\n        <\/div>\n    \n\t<\/div>\n\t\t\t\t<\/div>\n\t\t\t\t<\/div>\n\t\t\t\t\t<\/div>\n\t\t<\/div>\n\t\t\t\t\t<\/div>\n\t\t<\/section>\n\t\t\t\t<\/div>\n\t\t","protected":false},"excerpt":{"rendered":"<p>Stanisz\u00f3w I See Project Stanisz\u00f3w II See Project Szklarska Por\u0119ba I See Project \u0141omnica See Project Dziwisz\u00f3w See Project Zgorzelec See Project Wilka See Project Jaworze See Project Bobr\u00f3w See Project Domy na wodzie See Project Stanisz\u00f3w I See Project Stanisz\u00f3w II See Project Szklarska&#8230;<\/p>\n","protected":false},"author":1,"featured_media":0,"parent":0,"menu_order":0,"comment_status":"closed","ping_status":"closed","template":"","meta":{"inline_featured_image":false,"footnotes":""},"class_list":["post-623","page","type-page","status-publish","hentry"],"_links":{"self":[{"href":"https:\/\/fortis-terra.pl\/index.php?rest_route=\/wp\/v2\/pages\/623","targetHints":{"allow":["GET"]}}],"collection":[{"href":"https:\/\/fortis-terra.pl\/index.php?rest_route=\/wp\/v2\/pages"}],"about":[{"href":"https:\/\/fortis-terra.pl\/index.php?rest_route=\/wp\/v2\/types\/page"}],"author":[{"embeddable":true,"href":"https:\/\/fortis-terra.pl\/index.php?rest_route=\/wp\/v2\/users\/1"}],"replies":[{"embeddable":true,"href":"https:\/\/fortis-terra.pl\/index.php?rest_route=%2Fwp%2Fv2%2Fcomments&post=623"}],"version-history":[{"count":25,"href":"https:\/\/fortis-terra.pl\/index.php?rest_route=\/wp\/v2\/pages\/623\/revisions"}],"predecessor-version":[{"id":952,"href":"https:\/\/fortis-terra.pl\/index.php?rest_route=\/wp\/v2\/pages\/623\/revisions\/952"}],"wp:attachment":[{"href":"https:\/\/fortis-terra.pl\/index.php?rest_route=%2Fwp%2Fv2%2Fmedia&parent=623"}],"curies":[{"name":"wp","href":"https:\/\/api.w.org\/{rel}","templated":true}]}}